{"id":10125,"date":"2022-08-31T18:57:22","date_gmt":"2022-08-31T18:57:22","guid":{"rendered":"https:\/\/www.sia-am.com\/?page_id=10125"},"modified":"2025-02-24T09:25:30","modified_gmt":"2025-02-24T09:25:30","slug":"catalogue-siaam","status":"publish","type":"page","link":"https:\/\/www.sia-am.com\/en\/catalogue-siaam\/","title":{"rendered":"SIA'AM catalogue"},"content":{"rendered":"<div class=\"vc_row wpb_row vc_row-fluid vc_custom_1664317305169 vc_row-has-padding-top vc_row-bg-position-top\"><div class=\"wpb_column vc_column_container vc_col-sm-12\"><div class=\"vc_column-inner\"><div class=\"wpb_wrapper\"><header class=\"kd-section-title col-lg-8 vc_col-sm-8 text-left  subtitle-below-title\" ><h2 class=\"separator_off\" >Catalogue SIA'AM<\/h2><\/header><div class=\"vc_separator wpb_content_element vc_separator_align_center vc_sep_width_100 vc_sep_pos_align_left vc_separator_no_text\" ><span class=\"vc_sep_holder vc_sep_holder_l\"><span  style=\"border-color:#293780;\" class=\"vc_sep_line\"><\/span><\/span><span class=\"vc_sep_holder vc_sep_holder_r\"><span  style=\"border-color:#293780;\" class=\"vc_sep_line\"><\/span><\/span>\n<\/div><\/div><\/div><\/div><\/div><div class=\"vc_row wpb_row vc_row-fluid vc_row-bg-position-top\"><div class=\"wpb_column vc_column_container vc_col-sm-12\"><div class=\"vc_column-inner\"><div class=\"wpb_wrapper\">\n\t<div class=\"wpb_text_column wpb_content_element\" >\n\t\t<div class=\"wpb_wrapper\">\n\t\t\t\n\t\t<\/div>\n\t<\/div>\n<div class=\"slider clients lift-effect kd-client-69f2df34a89fc\"><div class=\"clients-content kd-animated fadeInUp\" data-animation-delay=\"400\"><a href=\"https:\/\/www.sia-am.com\/wp-content\/uploads\/2025\/01\/Catalogue-SIAAM-2025-1.pdf\" target=\"_blank\"><img width=\"1058\" height=\"1497\" src=\"https:\/\/www.sia-am.com\/wp-content\/uploads\/2025\/01\/Catalogue-SIAAM-2025-1-pdf.jpg\" class=\"attachment-full\" alt=\"\" decoding=\"async\" loading=\"lazy\" title=\"Catalogue SIAAM 2025\" \/><\/a><\/div><div class=\"clients-content kd-animated fadeInUp\" data-animation-delay=\"400\"><a href=\"https:\/\/www.sia-am.com\/wp-content\/uploads\/2025\/02\/SIAAM-Catalog-Heavy-duty-2025.pdf\" target=\"_blank\"><img width=\"1058\" height=\"1497\" src=\"https:\/\/www.sia-am.com\/wp-content\/uploads\/2025\/02\/SIAAM-Catalog-Heavy-duty-2025-1-pdf.jpg\" class=\"attachment-full\" alt=\"\" decoding=\"async\" loading=\"lazy\" title=\"SIAAM Catalog Heavy duty 2025\" \/><\/a><\/div><div class=\"clients-content kd-animated fadeInUp\" data-animation-delay=\"400\"><a href=\"https:\/\/www.sia-am.com\/wp-content\/uploads\/2022\/11\/Nouveautes-SIAAM-Vehicules-Leger.pdf\" target=\"_blank\"><img width=\"1700\" height=\"2200\" src=\"https:\/\/www.sia-am.com\/wp-content\/uploads\/2022\/11\/Nouveautes-SIAAM-Vehicules-Leger-img-1.png\" class=\"attachment-full\" alt=\"\" decoding=\"async\" loading=\"lazy\" title=\"Nouveaut\u00e9s SIA\u2019AM V\u00e9hicules L\u00e9ger img-1\" srcset=\"https:\/\/www.sia-am.com\/wp-content\/uploads\/2022\/11\/Nouveautes-SIAAM-Vehicules-Leger-img-1.png 1700w, https:\/\/www.sia-am.com\/wp-content\/uploads\/2022\/11\/Nouveautes-SIAAM-Vehicules-Leger-img-1-232x300.png 232w, https:\/\/www.sia-am.com\/wp-content\/uploads\/2022\/11\/Nouveautes-SIAAM-Vehicules-Leger-img-1-791x1024.png 791w, https:\/\/www.sia-am.com\/wp-content\/uploads\/2022\/11\/Nouveautes-SIAAM-Vehicules-Leger-img-1-768x994.png 768w, https:\/\/www.sia-am.com\/wp-content\/uploads\/2022\/11\/Nouveautes-SIAAM-Vehicules-Leger-img-1-1187x1536.png 1187w, https:\/\/www.sia-am.com\/wp-content\/uploads\/2022\/11\/Nouveautes-SIAAM-Vehicules-Leger-img-1-1583x2048.png 1583w, https:\/\/www.sia-am.com\/wp-content\/uploads\/2022\/11\/Nouveautes-SIAAM-Vehicules-Leger-img-1-800x1035.png 800w\" sizes=\"(max-width: 1700px) 100vw, 1700px\" \/><\/a><\/div><div class=\"clients-content kd-animated fadeInUp\" data-animation-delay=\"400\"><a href=\"https:\/\/www.sia-am.com\/wp-content\/uploads\/2022\/11\/Nouveautes-SIAAM-Poids-Lourd-.pdf\" target=\"_blank\"><img width=\"1700\" height=\"2200\" src=\"https:\/\/www.sia-am.com\/wp-content\/uploads\/2022\/11\/Nouveautes-SIAAM-Poids-Lourd-img-1.png\" class=\"attachment-full\" alt=\"\" decoding=\"async\" loading=\"lazy\" title=\"Nouveaut\u00e9s SIA\u2019AM Poids Lourd img-1\" srcset=\"https:\/\/www.sia-am.com\/wp-content\/uploads\/2022\/11\/Nouveautes-SIAAM-Poids-Lourd-img-1.png 1700w, https:\/\/www.sia-am.com\/wp-content\/uploads\/2022\/11\/Nouveautes-SIAAM-Poids-Lourd-img-1-232x300.png 232w, https:\/\/www.sia-am.com\/wp-content\/uploads\/2022\/11\/Nouveautes-SIAAM-Poids-Lourd-img-1-791x1024.png 791w, https:\/\/www.sia-am.com\/wp-content\/uploads\/2022\/11\/Nouveautes-SIAAM-Poids-Lourd-img-1-768x994.png 768w, https:\/\/www.sia-am.com\/wp-content\/uploads\/2022\/11\/Nouveautes-SIAAM-Poids-Lourd-img-1-1187x1536.png 1187w, https:\/\/www.sia-am.com\/wp-content\/uploads\/2022\/11\/Nouveautes-SIAAM-Poids-Lourd-img-1-1583x2048.png 1583w, https:\/\/www.sia-am.com\/wp-content\/uploads\/2022\/11\/Nouveautes-SIAAM-Poids-Lourd-img-1-800x1035.png 800w\" sizes=\"(max-width: 1700px) 100vw, 1700px\" \/><\/a><\/div><\/div><script>\r\n              jQuery(document).ready(function($){\r\n                if ($(\".slider.clients.kd-client-69f2df34a89fc\").length) {\r\n                  $(\".slider.clients.kd-client-69f2df34a89fc\").owlCarousel({\r\n                    stageClass: \"owl-wrapper\",\r\n                    stageOuterClass: \"owl-wrapper-outer\",\r\n                    loadedClass: \"owl-carousel\",\r\n                    responsiveClass:true,\r\n                    responsive:{\r\n                      0:{\r\n                          items:2,dots: false,},\r\n                      415:{\r\n                          items:3,dots: false,},\r\n                      960:{\r\n                          items:4,dots: false,}\r\n                    },\r\n                  });\r\n                }\r\n              });\r\n            <\/script>\n\t<div class=\"wpb_text_column wpb_content_element  vc_custom_1662059952651\" >\n\t\t<div class=\"wpb_wrapper\">\n\t\t\t\n\t\t<\/div>\n\t<\/div>\n<\/div><\/div><\/div><\/div><div class=\"vc_row wpb_row vc_row-fluid vc_row-bg-position-top\"><div class=\"wpb_column vc_column_container vc_col-sm-3\"><div class=\"vc_column-inner\"><div class=\"wpb_wrapper\"><div class=\"kd-title-label text-center  no-secondary-title catalogue-title\" ><a href=\"https:\/\/www.sia-am.com\/wp-content\/uploads\/2022\/11\/SIAAM-Vehicules-Legers.pdf\" target=\"_blank\"><span class=\"kd-title-label-solid\">SIA'AM - Light vehicles<\/span><\/a><\/div><\/div><\/div><\/div><div class=\"wpb_column vc_column_container vc_col-sm-3\"><div class=\"vc_column-inner\"><div class=\"wpb_wrapper\"><div class=\"kd-title-label text-center  no-secondary-title catalogue-title\" ><a href=\"https:\/\/www.sia-am.com\/wp-content\/uploads\/2022\/11\/SIAAM-Vehicules-Legers.pdf\" target=\"_blank\"><span class=\"kd-title-label-solid\">SIA'AM - Heavy Vehicles<\/span><\/a><\/div><\/div><\/div><\/div><div class=\"wpb_column vc_column_container vc_col-sm-3\"><div class=\"vc_column-inner\"><div class=\"wpb_wrapper\"><div class=\"kd-title-label text-center  no-secondary-title catalogue-title\" ><a href=\"https:\/\/www.sia-am.com\/wp-content\/uploads\/2022\/11\/SIAAM-Vehicules-Legers.pdf\" target=\"_blank\"><span class=\"kd-title-label-solid\">News - SIA'AM Light vehicles<\/span><\/a><\/div><\/div><\/div><\/div><div class=\"wpb_column vc_column_container vc_col-sm-3\"><div class=\"vc_column-inner\"><div class=\"wpb_wrapper\"><div class=\"kd-title-label text-center  no-secondary-title catalogue-title\" ><a href=\"https:\/\/www.sia-am.com\/wp-content\/uploads\/2022\/11\/SIAAM-Vehicules-Legers.pdf\" target=\"_blank\"><span class=\"kd-title-label-solid\">News - SIA'AM Heavy Vehicles<\/span><\/a><\/div><\/div><\/div><\/div><\/div>","protected":false},"excerpt":{"rendered":"Catalogue SIA'AM SIA'AM - V\u00e9hicules L\u00e9gersSIA'AM - V\u00e9hicules poids lourdsSIA'AM - Nouveaut\u00e9 L\u00e9gersNouveaut\u00e9 poids lourds","protected":false},"author":1,"featured_media":10129,"parent":0,"menu_order":0,"comment_status":"closed","ping_status":"closed","template":"","meta":[],"_links":{"self":[{"href":"https:\/\/www.sia-am.com\/en\/wp-json\/wp\/v2\/pages\/10125"}],"collection":[{"href":"https:\/\/www.sia-am.com\/en\/wp-json\/wp\/v2\/pages"}],"about":[{"href":"https:\/\/www.sia-am.com\/en\/wp-json\/wp\/v2\/types\/page"}],"author":[{"embeddable":true,"href":"https:\/\/www.sia-am.com\/en\/wp-json\/wp\/v2\/users\/1"}],"replies":[{"embeddable":true,"href":"https:\/\/www.sia-am.com\/en\/wp-json\/wp\/v2\/comments?post=10125"}],"version-history":[{"count":20,"href":"https:\/\/www.sia-am.com\/en\/wp-json\/wp\/v2\/pages\/10125\/revisions"}],"predecessor-version":[{"id":25939,"href":"https:\/\/www.sia-am.com\/en\/wp-json\/wp\/v2\/pages\/10125\/revisions\/25939"}],"wp:featuredmedia":[{"embeddable":true,"href":"https:\/\/www.sia-am.com\/en\/wp-json\/wp\/v2\/media\/10129"}],"wp:attachment":[{"href":"https:\/\/www.sia-am.com\/en\/wp-json\/wp\/v2\/media?parent=10125"}],"curies":[{"name":"wp","href":"https:\/\/api.w.org\/{rel}","templated":true}]}}