{"id":10634,"date":"2022-11-03T22:39:08","date_gmt":"2022-11-03T22:39:08","guid":{"rendered":"https:\/\/www.sia-am.com\/?page_id=10634"},"modified":"2022-11-22T17:17:23","modified_gmt":"2022-11-22T17:17:23","slug":"rejoindre-sia","status":"publish","type":"page","link":"https:\/\/www.sia-am.com\/en\/rejoindre-sia\/","title":{"rendered":"Join SIA"},"content":{"rendered":"<div data-vc-full-width=\"true\" data-vc-full-width-init=\"false\" class=\"vc_row wpb_row vc_row-fluid vc_row-bg-position-top\"><div class=\"wpb_column vc_column_container vc_col-sm-12\"><div class=\"vc_column-inner vc_custom_1660755814453\"><div class=\"wpb_wrapper\"><div class=\"vc_row wpb_row vc_inner vc_row-fluid vc_custom_1611230662019 vc_custom_1611230662020 vc_row-has-padding-top vc_row-bg-position-top vc_inner_row-contained\"><div class=\"container\"><div class=\"wpb_column vc_column_container vc_col-sm-12 vc_col-lg-offset-0 vc_col-lg-12 vc_col-md-offset-0 vc_col-sm-offset-0\"><div class=\"vc_column-inner vc_custom_1660751677682 vc_custom_1660751677683 vc_custom_1660751677684 vc_custom_1660751677684\"><div class=\"wpb_wrapper\"><header class=\"kd-section-title col-lg-12 text-left  subtitle-below-title    vc_custom_1669137441103\" ><h2 class=\"separator_off\" style=\"font-size: 38px;\">Career in brief<\/h2><h6 class=\"subtitle\" >Are you passionate about cars? Do you want to work for a group where the development of each individual is a priority? Join us!<\/h6><\/header><header class=\"kd-section-title col-lg-12 text-left  subtitle-below-title    vc_custom_1667677929807\" ><h2 class=\"separator_off\" style=\"font-size: 38px;\">Work at SIA<\/h2><h6 class=\"subtitle\" >Joining SIA means joining a group where employees are offered opportunities to develop throughout their career.<br \/>\nExpanding your sphere, managing a team, changing jobs, acquiring new skills... There are many ways to develop at SIA!<\/h6><\/header><\/div><\/div><\/div><\/div><\/div><\/div><\/div><\/div><\/div><div class=\"vc_row-full-width vc_clearfix\"><\/div><div data-vc-full-width=\"true\" data-vc-full-width-init=\"false\" class=\"vc_row wpb_row vc_row-fluid vc_row-bg-position-top\"><div class=\"wpb_column vc_column_container vc_col-sm-12\"><div class=\"vc_column-inner vc_custom_1660755814453\"><div class=\"wpb_wrapper\"><div class=\"vc_row wpb_row vc_inner vc_row-fluid vc_custom_1611230662019 vc_custom_1611230662020 vc_row-has-padding-top vc_row-bg-position-top vc_inner_row-contained\"><div class=\"container\"><div class=\"wpb_column vc_column_container vc_col-sm-12 vc_col-lg-offset-0 vc_col-lg-12 vc_col-md-offset-0 vc_col-sm-offset-0\"><div class=\"vc_column-inner vc_custom_1660751677682 vc_custom_1660751677683 vc_custom_1660751677684 vc_custom_1660751677684\"><div class=\"wpb_wrapper\"><\/div><\/div><\/div><\/div><\/div><\/div><\/div><\/div><\/div><div class=\"vc_row-full-width vc_clearfix\"><\/div>","protected":false},"excerpt":{"rendered":"Carri\u00e8re en brefVous \u00eates passionn\u00e9 par l\u2019automobile ? vous voulez avancer dans un groupe pour lequel le d\u00e9veloppement de chaque [...]","protected":false},"author":1,"featured_media":10129,"parent":0,"menu_order":0,"comment_status":"closed","ping_status":"closed","template":"","meta":[],"_links":{"self":[{"href":"https:\/\/www.sia-am.com\/en\/wp-json\/wp\/v2\/pages\/10634"}],"collection":[{"href":"https:\/\/www.sia-am.com\/en\/wp-json\/wp\/v2\/pages"}],"about":[{"href":"https:\/\/www.sia-am.com\/en\/wp-json\/wp\/v2\/types\/page"}],"author":[{"embeddable":true,"href":"https:\/\/www.sia-am.com\/en\/wp-json\/wp\/v2\/users\/1"}],"replies":[{"embeddable":true,"href":"https:\/\/www.sia-am.com\/en\/wp-json\/wp\/v2\/comments?post=10634"}],"version-history":[{"count":5,"href":"https:\/\/www.sia-am.com\/en\/wp-json\/wp\/v2\/pages\/10634\/revisions"}],"predecessor-version":[{"id":10638,"href":"https:\/\/www.sia-am.com\/en\/wp-json\/wp\/v2\/pages\/10634\/revisions\/10638"}],"wp:featuredmedia":[{"embeddable":true,"href":"https:\/\/www.sia-am.com\/en\/wp-json\/wp\/v2\/media\/10129"}],"wp:attachment":[{"href":"https:\/\/www.sia-am.com\/en\/wp-json\/wp\/v2\/media?parent=10634"}],"curies":[{"name":"wp","href":"https:\/\/api.w.org\/{rel}","templated":true}]}}