{"id":10737,"date":"2022-12-13T17:19:39","date_gmt":"2022-12-13T17:19:39","guid":{"rendered":"https:\/\/www.sia-am.com\/?page_id=10737"},"modified":"2023-04-26T06:35:51","modified_gmt":"2023-04-26T06:35:51","slug":"centre-logistique","status":"publish","type":"page","link":"https:\/\/www.sia-am.com\/en\/centre-logistique\/","title":{"rendered":"Logistics Center"},"content":{"rendered":"<div class=\"vc_row wpb_row vc_row-fluid vc_custom_1682487479239 vc_row-bg-position-top\"><div class=\"wpb_column vc_column_container vc_col-sm-12\"><div class=\"vc_column-inner\"><div class=\"wpb_wrapper\"><header class=\"kd-section-title col-lg-12 text-left  subtitle-below-title\" ><h2 class=\"separator_off\" >Our Logistics Centre<\/h2><\/header>\n\t<div class=\"wpb_text_column wpb_content_element  vc_custom_1682487423918\" >\n\t\t<div class=\"wpb_wrapper\">\n\t\t\t<ul>\n<li>\n<h6><b>High availability of products: New warehouse covering 80% of the range.<\/b><\/h6>\n<\/li>\n<li>\n<h6><b>Ontime <\/b><b>delivery<\/b><b>: Daily delivery to the local market, weekly delivery to our export customers.<\/b><\/h6>\n<\/li>\n<li>\n<h6><b>Customized solutions: Along the customer's supply chain<br \/>\n<\/b><\/h6>\n<\/li>\n<\/ul>\n\n\t\t<\/div>\n\t<\/div>\n<div class=\"slider clients no-effect kd-client-69f2dd523d6c2\"><div class=\"clients-content kd-animated fadeInUp\" data-animation-delay=\"400\"><img width=\"456\" height=\"419\" src=\"https:\/\/www.sia-am.com\/wp-content\/uploads\/2022\/12\/lo1.jpg\" class=\"attachment-full\" alt=\"\" decoding=\"async\" loading=\"lazy\" title=\"lo1\" srcset=\"https:\/\/www.sia-am.com\/wp-content\/uploads\/2022\/12\/lo1.jpg 456w, https:\/\/www.sia-am.com\/wp-content\/uploads\/2022\/12\/lo1-300x276.jpg 300w\" sizes=\"(max-width: 456px) 100vw, 456px\" \/><\/div><div class=\"clients-content kd-animated fadeInUp\" data-animation-delay=\"400\"><img width=\"456\" height=\"419\" src=\"https:\/\/www.sia-am.com\/wp-content\/uploads\/2022\/12\/lo2.jpg\" class=\"attachment-full\" alt=\"\" decoding=\"async\" loading=\"lazy\" title=\"lo2\" srcset=\"https:\/\/www.sia-am.com\/wp-content\/uploads\/2022\/12\/lo2.jpg 456w, https:\/\/www.sia-am.com\/wp-content\/uploads\/2022\/12\/lo2-300x276.jpg 300w\" sizes=\"(max-width: 456px) 100vw, 456px\" \/><\/div><\/div><script>\r\n              jQuery(document).ready(function($){\r\n                if ($(\".slider.clients.kd-client-69f2dd523d6c2\").length) {\r\n                  $(\".slider.clients.kd-client-69f2dd523d6c2\").owlCarousel({\r\n                    stageClass: \"owl-wrapper\",\r\n                    stageOuterClass: \"owl-wrapper-outer\",\r\n                    loadedClass: \"owl-carousel\",\r\n                    responsiveClass:true,\r\n                    responsive:{\r\n                      0:{\r\n                          items:2,dots: false,},\r\n                      415:{\r\n                          items:3,dots: false,},\r\n                      960:{\r\n                          items:2,dots: false,}\r\n                    },\r\n                  });\r\n                }\r\n              });\r\n            <\/script><\/div><\/div><\/div><\/div><div class=\"vc_row wpb_row vc_row-fluid vc_custom_1682487493796 vc_row-bg-position-top\"><div class=\"wpb_column vc_column_container vc_col-sm-12\"><div class=\"vc_column-inner\"><div class=\"wpb_wrapper\"><header class=\"kd-section-title col-lg-12 text-left  subtitle-below-title\" ><h2 class=\"separator_off\" >Logistics Zone<\/h2><\/header>\n\t<div class=\"wpb_text_column wpb_content_element  vc_custom_1682487770640\" >\n\t\t<div class=\"wpb_wrapper\">\n\t\t\t<ul>\n<li>\n<h6><b>Zone Vrac : Amortisseurs sans Gaz et sans marquage.<\/b><\/h6>\n<\/li>\n<\/ul>\n\n\t\t<\/div>\n\t<\/div>\n<div class=\"slider clients no-effect kd-client-69f2dd523e2a0  logistic-imgs\"><div class=\"clients-content kd-animated fadeInUp\" data-animation-delay=\"400\"><img width=\"2560\" height=\"1710\" src=\"https:\/\/www.sia-am.com\/wp-content\/uploads\/2023\/04\/vrac-1-scaled.jpg\" class=\"attachment-full\" alt=\"\" decoding=\"async\" loading=\"lazy\" title=\"vrac (1)\" srcset=\"https:\/\/www.sia-am.com\/wp-content\/uploads\/2023\/04\/vrac-1-scaled.jpg 2560w, https:\/\/www.sia-am.com\/wp-content\/uploads\/2023\/04\/vrac-1-300x200.jpg 300w, https:\/\/www.sia-am.com\/wp-content\/uploads\/2023\/04\/vrac-1-1024x684.jpg 1024w, https:\/\/www.sia-am.com\/wp-content\/uploads\/2023\/04\/vrac-1-768x513.jpg 768w, https:\/\/www.sia-am.com\/wp-content\/uploads\/2023\/04\/vrac-1-1536x1026.jpg 1536w, https:\/\/www.sia-am.com\/wp-content\/uploads\/2023\/04\/vrac-1-2048x1368.jpg 2048w, https:\/\/www.sia-am.com\/wp-content\/uploads\/2023\/04\/vrac-1-18x12.jpg 18w, https:\/\/www.sia-am.com\/wp-content\/uploads\/2023\/04\/vrac-1-800x534.jpg 800w\" sizes=\"(max-width: 2560px) 100vw, 2560px\" \/><\/div><div class=\"clients-content kd-animated fadeInUp\" data-animation-delay=\"400\"><img width=\"2560\" height=\"1710\" src=\"https:\/\/www.sia-am.com\/wp-content\/uploads\/2023\/04\/vrac-2-scaled.jpg\" class=\"attachment-full\" alt=\"\" decoding=\"async\" loading=\"lazy\" title=\"vrac (2)\" srcset=\"https:\/\/www.sia-am.com\/wp-content\/uploads\/2023\/04\/vrac-2-scaled.jpg 2560w, https:\/\/www.sia-am.com\/wp-content\/uploads\/2023\/04\/vrac-2-300x200.jpg 300w, https:\/\/www.sia-am.com\/wp-content\/uploads\/2023\/04\/vrac-2-1024x684.jpg 1024w, https:\/\/www.sia-am.com\/wp-content\/uploads\/2023\/04\/vrac-2-768x513.jpg 768w, https:\/\/www.sia-am.com\/wp-content\/uploads\/2023\/04\/vrac-2-1536x1026.jpg 1536w, https:\/\/www.sia-am.com\/wp-content\/uploads\/2023\/04\/vrac-2-2048x1368.jpg 2048w, https:\/\/www.sia-am.com\/wp-content\/uploads\/2023\/04\/vrac-2-18x12.jpg 18w, https:\/\/www.sia-am.com\/wp-content\/uploads\/2023\/04\/vrac-2-800x534.jpg 800w\" sizes=\"(max-width: 2560px) 100vw, 2560px\" \/><\/div><div class=\"clients-content kd-animated fadeInUp\" data-animation-delay=\"400\"><img width=\"2560\" height=\"1710\" src=\"https:\/\/www.sia-am.com\/wp-content\/uploads\/2023\/04\/vrac-3-scaled.jpg\" class=\"attachment-full\" alt=\"\" decoding=\"async\" loading=\"lazy\" title=\"vrac (3)\" srcset=\"https:\/\/www.sia-am.com\/wp-content\/uploads\/2023\/04\/vrac-3-scaled.jpg 2560w, https:\/\/www.sia-am.com\/wp-content\/uploads\/2023\/04\/vrac-3-300x200.jpg 300w, https:\/\/www.sia-am.com\/wp-content\/uploads\/2023\/04\/vrac-3-1024x684.jpg 1024w, https:\/\/www.sia-am.com\/wp-content\/uploads\/2023\/04\/vrac-3-768x513.jpg 768w, https:\/\/www.sia-am.com\/wp-content\/uploads\/2023\/04\/vrac-3-1536x1026.jpg 1536w, https:\/\/www.sia-am.com\/wp-content\/uploads\/2023\/04\/vrac-3-2048x1368.jpg 2048w, https:\/\/www.sia-am.com\/wp-content\/uploads\/2023\/04\/vrac-3-18x12.jpg 18w, https:\/\/www.sia-am.com\/wp-content\/uploads\/2023\/04\/vrac-3-800x534.jpg 800w\" sizes=\"(max-width: 2560px) 100vw, 2560px\" \/><\/div><\/div><script>\r\n              jQuery(document).ready(function($){\r\n                if ($(\".slider.clients.kd-client-69f2dd523e2a0\").length) {\r\n                  $(\".slider.clients.kd-client-69f2dd523e2a0\").owlCarousel({\r\n                    stageClass: \"owl-wrapper\",\r\n                    stageOuterClass: \"owl-wrapper-outer\",\r\n                    loadedClass: \"owl-carousel\",\r\n                    responsiveClass:true,\r\n                    responsive:{\r\n                      0:{\r\n                          items:2,dots: false,},\r\n                      415:{\r\n                          items:3,dots: false,},\r\n                      960:{\r\n                          items:3,dots: false,}\r\n                    },\r\n                  });\r\n                }\r\n              });\r\n            <\/script>\n\t<div class=\"wpb_text_column wpb_content_element  vc_custom_1682489768810\" >\n\t\t<div class=\"wpb_wrapper\">\n\t\t\t<ul>\n<li>\n<h6><b>Atelier de conditionnement: Atelier de personnalisation, injection gaz et emballage.<\/b><\/h6>\n<\/li>\n<\/ul>\n\n\t\t<\/div>\n\t<\/div>\n<div class=\"slider clients no-effect kd-client-69f2dd523ee35  logistic-imgs\"><div class=\"clients-content kd-animated fadeInUp\" data-animation-delay=\"400\"><img width=\"2560\" height=\"1710\" src=\"https:\/\/www.sia-am.com\/wp-content\/uploads\/2023\/04\/conditionnement-1-scaled.jpg\" class=\"attachment-full\" alt=\"\" decoding=\"async\" loading=\"lazy\" title=\"conditionnement (1)\" srcset=\"https:\/\/www.sia-am.com\/wp-content\/uploads\/2023\/04\/conditionnement-1-scaled.jpg 2560w, https:\/\/www.sia-am.com\/wp-content\/uploads\/2023\/04\/conditionnement-1-300x200.jpg 300w, https:\/\/www.sia-am.com\/wp-content\/uploads\/2023\/04\/conditionnement-1-1024x684.jpg 1024w, https:\/\/www.sia-am.com\/wp-content\/uploads\/2023\/04\/conditionnement-1-768x513.jpg 768w, https:\/\/www.sia-am.com\/wp-content\/uploads\/2023\/04\/conditionnement-1-1536x1026.jpg 1536w, https:\/\/www.sia-am.com\/wp-content\/uploads\/2023\/04\/conditionnement-1-2048x1368.jpg 2048w, https:\/\/www.sia-am.com\/wp-content\/uploads\/2023\/04\/conditionnement-1-18x12.jpg 18w, https:\/\/www.sia-am.com\/wp-content\/uploads\/2023\/04\/conditionnement-1-800x534.jpg 800w\" sizes=\"(max-width: 2560px) 100vw, 2560px\" \/><\/div><div class=\"clients-content kd-animated fadeInUp\" data-animation-delay=\"400\"><img width=\"2560\" height=\"1710\" src=\"https:\/\/www.sia-am.com\/wp-content\/uploads\/2023\/04\/conditionnement-2-scaled.jpg\" class=\"attachment-full\" alt=\"\" decoding=\"async\" loading=\"lazy\" title=\"conditionnement (2)\" srcset=\"https:\/\/www.sia-am.com\/wp-content\/uploads\/2023\/04\/conditionnement-2-scaled.jpg 2560w, https:\/\/www.sia-am.com\/wp-content\/uploads\/2023\/04\/conditionnement-2-300x200.jpg 300w, https:\/\/www.sia-am.com\/wp-content\/uploads\/2023\/04\/conditionnement-2-1024x684.jpg 1024w, https:\/\/www.sia-am.com\/wp-content\/uploads\/2023\/04\/conditionnement-2-768x513.jpg 768w, https:\/\/www.sia-am.com\/wp-content\/uploads\/2023\/04\/conditionnement-2-1536x1026.jpg 1536w, https:\/\/www.sia-am.com\/wp-content\/uploads\/2023\/04\/conditionnement-2-2048x1368.jpg 2048w, https:\/\/www.sia-am.com\/wp-content\/uploads\/2023\/04\/conditionnement-2-18x12.jpg 18w, https:\/\/www.sia-am.com\/wp-content\/uploads\/2023\/04\/conditionnement-2-800x534.jpg 800w\" sizes=\"(max-width: 2560px) 100vw, 2560px\" \/><\/div><div class=\"clients-content kd-animated fadeInUp\" data-animation-delay=\"400\"><img width=\"2560\" height=\"1710\" src=\"https:\/\/www.sia-am.com\/wp-content\/uploads\/2023\/04\/conditionnement-3-scaled.jpg\" class=\"attachment-full\" alt=\"\" decoding=\"async\" loading=\"lazy\" title=\"conditionnement (3)\" srcset=\"https:\/\/www.sia-am.com\/wp-content\/uploads\/2023\/04\/conditionnement-3-scaled.jpg 2560w, https:\/\/www.sia-am.com\/wp-content\/uploads\/2023\/04\/conditionnement-3-300x200.jpg 300w, https:\/\/www.sia-am.com\/wp-content\/uploads\/2023\/04\/conditionnement-3-1024x684.jpg 1024w, https:\/\/www.sia-am.com\/wp-content\/uploads\/2023\/04\/conditionnement-3-768x513.jpg 768w, https:\/\/www.sia-am.com\/wp-content\/uploads\/2023\/04\/conditionnement-3-1536x1026.jpg 1536w, https:\/\/www.sia-am.com\/wp-content\/uploads\/2023\/04\/conditionnement-3-2048x1368.jpg 2048w, https:\/\/www.sia-am.com\/wp-content\/uploads\/2023\/04\/conditionnement-3-18x12.jpg 18w, https:\/\/www.sia-am.com\/wp-content\/uploads\/2023\/04\/conditionnement-3-800x534.jpg 800w\" sizes=\"(max-width: 2560px) 100vw, 2560px\" \/><\/div><\/div><script>\r\n              jQuery(document).ready(function($){\r\n                if ($(\".slider.clients.kd-client-69f2dd523ee35\").length) {\r\n                  $(\".slider.clients.kd-client-69f2dd523ee35\").owlCarousel({\r\n                    stageClass: \"owl-wrapper\",\r\n                    stageOuterClass: \"owl-wrapper-outer\",\r\n                    loadedClass: \"owl-carousel\",\r\n                    responsiveClass:true,\r\n                    responsive:{\r\n                      0:{\r\n                          items:2,dots: false,},\r\n                      415:{\r\n                          items:3,dots: false,},\r\n                      960:{\r\n                          items:3,dots: false,}\r\n                    },\r\n                  });\r\n                }\r\n              });\r\n            <\/script>\n\t<div class=\"wpb_text_column wpb_content_element  vc_custom_1682489794699\" >\n\t\t<div class=\"wpb_wrapper\">\n\t\t\t<ul>\n<li>\n<h6><b>Zone PF sur \u00e9tag\u00e8re pour Picking.<\/b><\/h6>\n<\/li>\n<\/ul>\n\n\t\t<\/div>\n\t<\/div>\n<div class=\"slider clients no-effect kd-client-69f2dd523f924  logistic-imgs\"><div class=\"clients-content kd-animated fadeInUp\" data-animation-delay=\"400\"><img width=\"2560\" height=\"1710\" src=\"https:\/\/www.sia-am.com\/wp-content\/uploads\/2023\/04\/zone-pf-1-scaled.jpg\" class=\"attachment-full\" alt=\"\" decoding=\"async\" loading=\"lazy\" title=\"zone pf (1)\" srcset=\"https:\/\/www.sia-am.com\/wp-content\/uploads\/2023\/04\/zone-pf-1-scaled.jpg 2560w, https:\/\/www.sia-am.com\/wp-content\/uploads\/2023\/04\/zone-pf-1-300x200.jpg 300w, https:\/\/www.sia-am.com\/wp-content\/uploads\/2023\/04\/zone-pf-1-1024x684.jpg 1024w, https:\/\/www.sia-am.com\/wp-content\/uploads\/2023\/04\/zone-pf-1-768x513.jpg 768w, https:\/\/www.sia-am.com\/wp-content\/uploads\/2023\/04\/zone-pf-1-1536x1026.jpg 1536w, https:\/\/www.sia-am.com\/wp-content\/uploads\/2023\/04\/zone-pf-1-2048x1368.jpg 2048w, https:\/\/www.sia-am.com\/wp-content\/uploads\/2023\/04\/zone-pf-1-18x12.jpg 18w, https:\/\/www.sia-am.com\/wp-content\/uploads\/2023\/04\/zone-pf-1-800x534.jpg 800w\" sizes=\"(max-width: 2560px) 100vw, 2560px\" \/><\/div><div class=\"clients-content kd-animated fadeInUp\" data-animation-delay=\"400\"><img width=\"2560\" height=\"1710\" src=\"https:\/\/www.sia-am.com\/wp-content\/uploads\/2023\/04\/zone-pf-2-scaled.jpg\" class=\"attachment-full\" alt=\"\" decoding=\"async\" loading=\"lazy\" title=\"zone pf (2)\" srcset=\"https:\/\/www.sia-am.com\/wp-content\/uploads\/2023\/04\/zone-pf-2-scaled.jpg 2560w, https:\/\/www.sia-am.com\/wp-content\/uploads\/2023\/04\/zone-pf-2-300x200.jpg 300w, https:\/\/www.sia-am.com\/wp-content\/uploads\/2023\/04\/zone-pf-2-1024x684.jpg 1024w, https:\/\/www.sia-am.com\/wp-content\/uploads\/2023\/04\/zone-pf-2-768x513.jpg 768w, https:\/\/www.sia-am.com\/wp-content\/uploads\/2023\/04\/zone-pf-2-1536x1026.jpg 1536w, https:\/\/www.sia-am.com\/wp-content\/uploads\/2023\/04\/zone-pf-2-2048x1368.jpg 2048w, https:\/\/www.sia-am.com\/wp-content\/uploads\/2023\/04\/zone-pf-2-18x12.jpg 18w, https:\/\/www.sia-am.com\/wp-content\/uploads\/2023\/04\/zone-pf-2-800x534.jpg 800w\" sizes=\"(max-width: 2560px) 100vw, 2560px\" \/><\/div><div class=\"clients-content kd-animated fadeInUp\" data-animation-delay=\"400\"><img width=\"2560\" height=\"1710\" src=\"https:\/\/www.sia-am.com\/wp-content\/uploads\/2023\/04\/zone-pf-3-scaled.jpg\" class=\"attachment-full\" alt=\"\" decoding=\"async\" loading=\"lazy\" title=\"zone pf (3)\" srcset=\"https:\/\/www.sia-am.com\/wp-content\/uploads\/2023\/04\/zone-pf-3-scaled.jpg 2560w, https:\/\/www.sia-am.com\/wp-content\/uploads\/2023\/04\/zone-pf-3-300x200.jpg 300w, https:\/\/www.sia-am.com\/wp-content\/uploads\/2023\/04\/zone-pf-3-1024x684.jpg 1024w, https:\/\/www.sia-am.com\/wp-content\/uploads\/2023\/04\/zone-pf-3-768x513.jpg 768w, https:\/\/www.sia-am.com\/wp-content\/uploads\/2023\/04\/zone-pf-3-1536x1026.jpg 1536w, https:\/\/www.sia-am.com\/wp-content\/uploads\/2023\/04\/zone-pf-3-2048x1368.jpg 2048w, https:\/\/www.sia-am.com\/wp-content\/uploads\/2023\/04\/zone-pf-3-18x12.jpg 18w, https:\/\/www.sia-am.com\/wp-content\/uploads\/2023\/04\/zone-pf-3-800x534.jpg 800w\" sizes=\"(max-width: 2560px) 100vw, 2560px\" \/><\/div><\/div><script>\r\n              jQuery(document).ready(function($){\r\n                if ($(\".slider.clients.kd-client-69f2dd523f924\").length) {\r\n                  $(\".slider.clients.kd-client-69f2dd523f924\").owlCarousel({\r\n                    stageClass: \"owl-wrapper\",\r\n                    stageOuterClass: \"owl-wrapper-outer\",\r\n                    loadedClass: \"owl-carousel\",\r\n                    responsiveClass:true,\r\n                    responsive:{\r\n                      0:{\r\n                          items:2,dots: false,},\r\n                      415:{\r\n                          items:3,dots: false,},\r\n                      960:{\r\n                          items:3,dots: false,}\r\n                    },\r\n                  });\r\n                }\r\n              });\r\n            <\/script>\n\t<div class=\"wpb_text_column wpb_content_element  vc_custom_1682489806310\" >\n\t\t<div class=\"wpb_wrapper\">\n\t\t\t<ul>\n<li>\n<h6><b>Zone Exp\u00e9dition.<\/b><\/h6>\n<\/li>\n<\/ul>\n\n\t\t<\/div>\n\t<\/div>\n<div class=\"slider clients no-effect kd-client-69f2dd524042c  logistic-imgs\"><div class=\"clients-content kd-animated fadeInUp\" data-animation-delay=\"400\"><img width=\"2560\" height=\"1710\" src=\"https:\/\/www.sia-am.com\/wp-content\/uploads\/2023\/04\/picking-1-scaled.jpg\" class=\"attachment-full\" alt=\"\" decoding=\"async\" loading=\"lazy\" title=\"picking (1)\" srcset=\"https:\/\/www.sia-am.com\/wp-content\/uploads\/2023\/04\/picking-1-scaled.jpg 2560w, https:\/\/www.sia-am.com\/wp-content\/uploads\/2023\/04\/picking-1-300x200.jpg 300w, https:\/\/www.sia-am.com\/wp-content\/uploads\/2023\/04\/picking-1-1024x684.jpg 1024w, https:\/\/www.sia-am.com\/wp-content\/uploads\/2023\/04\/picking-1-768x513.jpg 768w, https:\/\/www.sia-am.com\/wp-content\/uploads\/2023\/04\/picking-1-1536x1026.jpg 1536w, https:\/\/www.sia-am.com\/wp-content\/uploads\/2023\/04\/picking-1-2048x1368.jpg 2048w, https:\/\/www.sia-am.com\/wp-content\/uploads\/2023\/04\/picking-1-18x12.jpg 18w, https:\/\/www.sia-am.com\/wp-content\/uploads\/2023\/04\/picking-1-800x534.jpg 800w\" sizes=\"(max-width: 2560px) 100vw, 2560px\" \/><\/div><div class=\"clients-content kd-animated fadeInUp\" data-animation-delay=\"400\"><img width=\"2560\" height=\"1710\" src=\"https:\/\/www.sia-am.com\/wp-content\/uploads\/2023\/04\/picking-2-scaled.jpg\" class=\"attachment-full\" alt=\"\" decoding=\"async\" loading=\"lazy\" title=\"picking (2)\" srcset=\"https:\/\/www.sia-am.com\/wp-content\/uploads\/2023\/04\/picking-2-scaled.jpg 2560w, https:\/\/www.sia-am.com\/wp-content\/uploads\/2023\/04\/picking-2-300x200.jpg 300w, https:\/\/www.sia-am.com\/wp-content\/uploads\/2023\/04\/picking-2-1024x684.jpg 1024w, https:\/\/www.sia-am.com\/wp-content\/uploads\/2023\/04\/picking-2-768x513.jpg 768w, https:\/\/www.sia-am.com\/wp-content\/uploads\/2023\/04\/picking-2-1536x1026.jpg 1536w, https:\/\/www.sia-am.com\/wp-content\/uploads\/2023\/04\/picking-2-2048x1368.jpg 2048w, https:\/\/www.sia-am.com\/wp-content\/uploads\/2023\/04\/picking-2-18x12.jpg 18w, https:\/\/www.sia-am.com\/wp-content\/uploads\/2023\/04\/picking-2-800x534.jpg 800w\" sizes=\"(max-width: 2560px) 100vw, 2560px\" \/><\/div><div class=\"clients-content kd-animated fadeInUp\" data-animation-delay=\"400\"><img width=\"2560\" height=\"1710\" src=\"https:\/\/www.sia-am.com\/wp-content\/uploads\/2023\/04\/picking-3-scaled.jpg\" class=\"attachment-full\" alt=\"\" decoding=\"async\" loading=\"lazy\" title=\"picking (3)\" srcset=\"https:\/\/www.sia-am.com\/wp-content\/uploads\/2023\/04\/picking-3-scaled.jpg 2560w, https:\/\/www.sia-am.com\/wp-content\/uploads\/2023\/04\/picking-3-300x200.jpg 300w, https:\/\/www.sia-am.com\/wp-content\/uploads\/2023\/04\/picking-3-1024x684.jpg 1024w, https:\/\/www.sia-am.com\/wp-content\/uploads\/2023\/04\/picking-3-768x513.jpg 768w, https:\/\/www.sia-am.com\/wp-content\/uploads\/2023\/04\/picking-3-1536x1026.jpg 1536w, https:\/\/www.sia-am.com\/wp-content\/uploads\/2023\/04\/picking-3-2048x1368.jpg 2048w, https:\/\/www.sia-am.com\/wp-content\/uploads\/2023\/04\/picking-3-18x12.jpg 18w, https:\/\/www.sia-am.com\/wp-content\/uploads\/2023\/04\/picking-3-800x534.jpg 800w\" sizes=\"(max-width: 2560px) 100vw, 2560px\" \/><\/div><\/div><script>\r\n              jQuery(document).ready(function($){\r\n                if ($(\".slider.clients.kd-client-69f2dd524042c\").length) {\r\n                  $(\".slider.clients.kd-client-69f2dd524042c\").owlCarousel({\r\n                    stageClass: \"owl-wrapper\",\r\n                    stageOuterClass: \"owl-wrapper-outer\",\r\n                    loadedClass: \"owl-carousel\",\r\n                    responsiveClass:true,\r\n                    responsive:{\r\n                      0:{\r\n                          items:2,dots: false,},\r\n                      415:{\r\n                          items:3,dots: false,},\r\n                      960:{\r\n                          items:3,dots: false,}\r\n                    },\r\n                  });\r\n                }\r\n              });\r\n            <\/script><\/div><\/div><\/div><\/div><div class=\"vc_row wpb_row vc_row-fluid vc_custom_1682489178598 vc_row-bg-position-top\"><div class=\"wpb_column vc_column_container vc_col-sm-12\"><div class=\"vc_column-inner\"><div class=\"wpb_wrapper\"><header class=\"kd-section-title col-lg-12 text-left  subtitle-below-title\" ><h2 class=\"separator_off\" >D\u00e9couvrez notre site<\/h2><\/header><div class=\"video-container play-button-center small-video-btn\" ><img width=\"1797\" height=\"1008\" src=\"https:\/\/www.sia-am.com\/wp-content\/uploads\/2023\/04\/sia-zone-logistique.png\" class=\"attachment-full\" alt=\"\" decoding=\"async\" loading=\"lazy\" title=\"sia-zone-logistique\" srcset=\"https:\/\/www.sia-am.com\/wp-content\/uploads\/2023\/04\/sia-zone-logistique.png 1797w, https:\/\/www.sia-am.com\/wp-content\/uploads\/2023\/04\/sia-zone-logistique-300x168.png 300w, https:\/\/www.sia-am.com\/wp-content\/uploads\/2023\/04\/sia-zone-logistique-1024x574.png 1024w, https:\/\/www.sia-am.com\/wp-content\/uploads\/2023\/04\/sia-zone-logistique-768x431.png 768w, https:\/\/www.sia-am.com\/wp-content\/uploads\/2023\/04\/sia-zone-logistique-1536x862.png 1536w, https:\/\/www.sia-am.com\/wp-content\/uploads\/2023\/04\/sia-zone-logistique-18x10.png 18w, https:\/\/www.sia-am.com\/wp-content\/uploads\/2023\/04\/sia-zone-logistique-800x449.png 800w\" sizes=\"(max-width: 1797px) 100vw, 1797px\" \/><a data-toggle=\"modal\" data-target=\"#video-modal-kd-video-modal-69f2dd5241628\" data-src=\"\" data-backdrop=\"true\" class=\"\"><span class=\"play-video\"><span class=\"sway-play\"><\/span><\/span><\/a><\/div><div class=\"modal fade video-modal\" id=\"video-modal-kd-video-modal-69f2dd5241628\" role=\"dialog\">\n                            <div class=\"modal-content\">\n                            <button type=\"button\" class=\"close\" data-dismiss=\"modal\">\u00d7<\/button>\n                            <div class=\"row\"><video class=\"video-modal-local\" title=\"\" poster=\"\" height=\"400px\" controls>\n                              <source src=\"https:\/\/www.sia-am.com\/wp-content\/uploads\/2023\/04\/site-logistique-v1.mp4\" type=\"video\/mp4\"><img alt=\"\" src=\"\" title=\"Video playback is not supported by your browser\" \/>\n                              <\/video><\/div>\n                            <\/div>\n                        <\/div><\/div><\/div><\/div><\/div>","protected":false},"excerpt":{"rendered":"Notre Centre Logistique Haute disponibilit\u00e9 des produits: Nouveau d\u00e9p\u00f4t de stockage couvrant 80% de la gamme. On time delivery: Livraison [...]","protected":false},"author":1,"featured_media":10129,"parent":0,"menu_order":0,"comment_status":"closed","ping_status":"closed","template":"","meta":[],"_links":{"self":[{"href":"https:\/\/www.sia-am.com\/en\/wp-json\/wp\/v2\/pages\/10737"}],"collection":[{"href":"https:\/\/www.sia-am.com\/en\/wp-json\/wp\/v2\/pages"}],"about":[{"href":"https:\/\/www.sia-am.com\/en\/wp-json\/wp\/v2\/types\/page"}],"author":[{"embeddable":true,"href":"https:\/\/www.sia-am.com\/en\/wp-json\/wp\/v2\/users\/1"}],"replies":[{"embeddable":true,"href":"https:\/\/www.sia-am.com\/en\/wp-json\/wp\/v2\/comments?post=10737"}],"version-history":[{"count":40,"href":"https:\/\/www.sia-am.com\/en\/wp-json\/wp\/v2\/pages\/10737\/revisions"}],"predecessor-version":[{"id":11013,"href":"https:\/\/www.sia-am.com\/en\/wp-json\/wp\/v2\/pages\/10737\/revisions\/11013"}],"wp:featuredmedia":[{"embeddable":true,"href":"https:\/\/www.sia-am.com\/en\/wp-json\/wp\/v2\/media\/10129"}],"wp:attachment":[{"href":"https:\/\/www.sia-am.com\/en\/wp-json\/wp\/v2\/media?parent=10737"}],"curies":[{"name":"wp","href":"https:\/\/api.w.org\/{rel}","templated":true}]}}