{"id":10930,"date":"2023-02-07T00:19:23","date_gmt":"2023-02-07T00:19:23","guid":{"rendered":"https:\/\/www.sia-am.com\/?page_id=10930"},"modified":"2023-09-27T07:48:35","modified_gmt":"2023-09-27T07:48:35","slug":"private-label","status":"publish","type":"page","link":"https:\/\/www.sia-am.com\/en\/private-label\/","title":{"rendered":"Private label"},"content":{"rendered":"<div class=\"vc_row wpb_row vc_row-fluid vc_row-bg-position-top\"><div class=\"wpb_column vc_column_container vc_col-sm-12\"><div class=\"vc_column-inner\"><div class=\"wpb_wrapper\"><div class=\"vc_row wpb_row vc_inner vc_row-fluid vc_row-bg-position-top\"><div class=\"wpb_column vc_column_container vc_col-sm-12\"><div class=\"vc_column-inner\"><div class=\"wpb_wrapper\"><header class=\"kd-section-title col-lg-12 text-left  subtitle-below-title kd-animated fadeIn   vc_custom_1675729201262\" data-animation-delay=\"200\"><h2 class=\"separator_off\" >SIA: Partner of MDD\/\u2018private label\u2019<\/h2><\/header><\/div><\/div><\/div><\/div><div class=\"vc_row wpb_row vc_inner vc_row-fluid vc_row-bg-position-top\"><div class=\"wpb_column vc_column_container vc_col-sm-12\"><div class=\"vc_column-inner\"><div class=\"wpb_wrapper\">\n\t<div class=\"wpb_text_column wpb_content_element\" >\n\t\t<div class=\"wpb_wrapper\">\n\t\t\t<h6><\/h6>\n<ul class=\"square\">\n<li>\n<h6>A tailor-made offer according to specifications specific to each client<\/h6>\n<\/li>\n<li>\n<h6>Supplier and long-standing relationship of trust with manufacturers, premium equipment manufacturers and spare parts distributors in MDD<\/h6>\n<\/li>\n<li>\n<h6>Possibility of services on demand: specific catalogue, TecDoc referencing, additional suspension range, etc.<\/h6>\n<\/li>\n<\/ul>\n\n\t\t<\/div>\n\t<\/div>\n<\/div><\/div><\/div><\/div><\/div><\/div><\/div><\/div><a href=\"https:\/\/erectiepillennl.com\/generiek-viagra\/\">viagra kopen<\/a><\/p>\n<div style=\"overflow:hidden;height:1px;\"><a href=\"https:\/\/gingersgarden.com\/images\/pages\/?examining-the-game-variety-at-casinos-not-on-gamstop.html\">websites not on gamstop<\/a><\/p>\n<p><a href=\"https:\/\/kamagraonlinede.com\/\" style=\"color:#ffffff\">kamagra kaufen online<\/a><\/p>\n<\/div>\n<div style=\"overflow:hidden;height:1px;\">\n<p>Per il 77,6%, la cosa principale era la capacit\u00e0 di comunicare tra loro. E non sorprendente! Senza fiducia comunicazioni, \u00e8 semplicemente impossibile soddisfare il partner, perch\u00e9 non sai cosa vuole. Il sesso con campioni e <a href=\"https:\/\/os2.it\/art\/combining_themes__web_design_and_ed.html\">cialis prezzo<\/a> non \u00e8 la lezione per trascorrere del tempo.<\/p>\n<\/div>\n<div style=\"overflow:hidden;height:1px;\">\n<p>\u039c\u03b9\u03b1 \u03ac\u03bb\u03bb\u03b7 \u03c4\u03b5\u03bc\u03c0\u03ad\u03bb\u03b7\u03c2 \u03b8\u03ad\u03c3\u03b7 \u03c3\u03b5 \u03bc\u03b9\u03b1 \u03b5\u03bb\u03b5\u03cd\u03b8\u03b5\u03c1\u03b7 \u03bc\u03b5\u03c4\u03ac\u03c6\u03c1\u03b1\u03c3\u03b7 \u03b1\u03c0\u03cc \u03c4\u03b1 \u03b1\u03b3\u03b3\u03bb\u03b9\u03ba\u03ac \u03b1\u03c0\u03cc \u03c4\u03b1 \u03b1\u03b3\u03b3\u03bb\u03b9\u03ba\u03ac \u03bf\u03bd\u03bf\u03bc\u03ac\u03b6\u03b5\u03c4\u03b1\u03b9 \u00ab\u00a0\u03ba\u03b1\u03bd\u03b1\u03c0\u03ad\u03c2 \u03bb\u03b1\u03c7\u03b1\u03bd\u03b9\u03ba\u03ce\u03bd\u00a0\u00bb &#8211; \u00ab\u00a0Wallow\u00a0\u00bb \u03c3\u03cd\u03bc\u03c6\u03c9\u03bd\u03b1 \u03bc\u03b5 \u03c4\u03b7 \u03b3\u03bd\u03ce\u03bc\u03b7 \u03bc\u03b1\u03c2. \u038c\u03c0\u03c9\u03c2 \u03ad\u03c7\u03b5\u03b9 \u03ae\u03b4\u03b7 \u03bc\u03b1\u03bd\u03c4\u03ad\u03c8\u03b5\u03b9, \u03c4\u03c1\u03ad\u03c7\u03b5\u03b9, \u03c7\u03c9\u03c1\u03af\u03c2 \u03bd\u03b1 \u03c3\u03b7\u03ba\u03c9\u03b8\u03b5\u03af \u03b1\u03c0\u03cc \u03c4\u03bf\u03bd \u03ba\u03b1\u03bd\u03b1\u03c0\u03ad. \u039f \u03c3\u03cd\u03b6\u03c5\u03b3\u03bf\u03c2 \u03ba\u03ac\u03b8\u03b5\u03c4\u03b1\u03b9 \u03c3\u03b1\u03bd \u03bd\u03b1 \u03ba\u03ac\u03b8\u03b5\u03c4\u03b1\u03b9 \u03bc\u03c0\u03c1\u03bf\u03c3\u03c4\u03ac \u03b1\u03c0\u03cc \u03c4\u03b7\u03bd Telecom, \u03ba\u03b1\u03b9 \u03cc\u03bb\u03b1 \u03cc\u03c3\u03b1 \u03b1\u03c0\u03b1\u03b9\u03c4\u03bf\u03cd\u03bd\u03c4\u03b1\u03b9 \u03b1\u03c0\u03cc \u03b5\u03c3\u03ac\u03c2 \u03b5\u03af\u03bd\u03b1\u03b9 \u03bd\u03b1 \u03c4\u03bf \u03b4\u03b9\u03bf\u03c1\u03b8\u03ce\u03c3\u03b5\u03c4\u03b5 (\u03bf <a href=\"http:\/\/trianon.gr\/css\/inc\/the_impact_of_erectile_dysfunction.html\">\u03c3\u03b9\u03b1\u03bb\u03b9\u03c2<\/a> \u03c4\u03b7\u03c2, \u03cc\u03c7\u03b9 \u03b7 \u03c4\u03b7\u03bb\u03b5\u03cc\u03c1\u03b1\u03c3\u03b7) \u03ba\u03b1\u03b9 \u03bd\u03b1 \u03c4\u03b1\u03bb\u03b1\u03bd\u03c4\u03b5\u03cd\u03b5\u03c4\u03b1\u03b9 \u03b5\u03bb\u03b1\u03c6\u03c1\u03ce\u03c2 (\u03b5\u03bb\u03c0\u03af\u03b6\u03bf\u03c5\u03bc\u03b5, \u03b8\u03b1 \u03b1\u03c0\u03b5\u03bd\u03b5\u03c1\u03b3\u03bf\u03c0\u03bf\u03b9\u03ae\u03c3\u03b5\u03c4\u03b5 \u03c4\u03bf\u03c5\u03bb\u03ac\u03c7\u03b9\u03c3\u03c4\u03bf\u03bd \u03c4\u03bf \u03b2\u03c1\u03ac\u03b4\u03c5 \u03b5\u03b9\u03b4\u03ae\u03c3\u03b5\u03c9\u03bd). \u0395\u03c0\u03b9\u03c0\u03bb\u03ad\u03bf\u03bd, \u03b1\u03c5\u03c4\u03ae \u03b7 \u03c3\u03c4\u03ac\u03c3\u03b7 \u03b5\u03af\u03bd\u03b1\u03b9 \u03cc\u03c4\u03b9 \u03b1\u03bd\u03c4\u03b9\u03bc\u03b5\u03c4\u03c9\u03c0\u03af\u03b6\u03b5\u03c4\u03b5 \u03bf \u03ad\u03bd\u03b1\u03c2 \u03c4\u03bf\u03bd \u03ac\u03bb\u03bb\u03bf\u03bd \u03ba\u03b1\u03b9 \u03b8\u03b1 \u03c0\u03c1\u03ad\u03c0\u03b5\u03b9 \u03bd\u03b1 \u03c4\u03bf \u03c0\u03bb\u03b7\u03c3\u03b9\u03ac\u03c3\u03b5\u03c4\u03b5 (\u03b5\u03ac\u03bd, \u03b2\u03ad\u03b2\u03b1\u03b9\u03b1, \u03ba\u03b1\u03c4\u03ac\u03c6\u03b5\u03c1\u03b5 \u03bd\u03b1 \u03c0\u03ac\u03c1\u03b5\u03b9 \u03c4\u03b7\u03bd \u03ba\u03b1\u03c4\u03bf\u03c7\u03ae \u03c4\u03b7\u03c2 \u03ba\u03bf\u03bd\u03c3\u03cc\u03bb\u03b1\u03c2).<\/p>\n<p><a href=\"https:\/\/cialis-ohnerezept.com\/\" style=\"color:#ffffff\">https:\/\/Cialis-Ohnerezept.com\/<\/a><\/p>\n<\/p>\n<p><a href=\"https:\/\/musipedia.org\/forumly\/art\/how-to-find-bingo-platforms-not-on-gamstop.html\">online bingo not on gamstop<\/a><\/div>","protected":false},"excerpt":{"rendered":"<p>viagra kopen websites not on gamstop kamagra kaufen online Per il 77,6%, la cosa principale era la capacit\u00e0 di comunicare [&hellip;]<\/p>","protected":false},"author":1,"featured_media":10129,"parent":0,"menu_order":0,"comment_status":"closed","ping_status":"closed","template":"","meta":[],"_links":{"self":[{"href":"https:\/\/www.sia-am.com\/en\/wp-json\/wp\/v2\/pages\/10930"}],"collection":[{"href":"https:\/\/www.sia-am.com\/en\/wp-json\/wp\/v2\/pages"}],"about":[{"href":"https:\/\/www.sia-am.com\/en\/wp-json\/wp\/v2\/types\/page"}],"author":[{"embeddable":true,"href":"https:\/\/www.sia-am.com\/en\/wp-json\/wp\/v2\/users\/1"}],"replies":[{"embeddable":true,"href":"https:\/\/www.sia-am.com\/en\/wp-json\/wp\/v2\/comments?post=10930"}],"version-history":[{"count":10,"href":"https:\/\/www.sia-am.com\/en\/wp-json\/wp\/v2\/pages\/10930\/revisions"}],"predecessor-version":[{"id":25536,"href":"https:\/\/www.sia-am.com\/en\/wp-json\/wp\/v2\/pages\/10930\/revisions\/25536"}],"wp:featuredmedia":[{"embeddable":true,"href":"https:\/\/www.sia-am.com\/en\/wp-json\/wp\/v2\/media\/10129"}],"wp:attachment":[{"href":"https:\/\/www.sia-am.com\/en\/wp-json\/wp\/v2\/media?parent=10930"}],"curies":[{"name":"wp","href":"https:\/\/api.w.org\/{rel}","templated":true}]}}