{"id":3985,"date":"2018-09-11T13:11:53","date_gmt":"2018-09-11T13:11:53","guid":{"rendered":"https:\/\/www.ekko-wp.com\/?page_id=3985"},"modified":"2023-09-27T07:48:11","modified_gmt":"2023-09-27T07:48:11","slug":"terms-and-conditions","status":"publish","type":"page","link":"https:\/\/www.sia-am.com\/en\/terms-and-conditions\/","title":{"rendered":"Terms and conditions"},"content":{"rendered":"<div class=\"vc_row wpb_row vc_row-fluid vc_custom_1605811779090 vc_row-has-padding-top vc_row-bg-position-top\"><div class=\"wpb_column vc_column_container vc_col-sm-8 vc_col-lg-8 vc_col-md-12 vc_col-xs-12\"><div class=\"vc_column-inner vc_custom_1542980461785\"><div class=\"wpb_wrapper\"><div class=\"vc_row wpb_row vc_inner vc_row-fluid vc_row-bg-position-top\"><div class=\"wpb_column vc_column_container vc_col-sm-12 vc_hidden-lg\"><div class=\"vc_column-inner\"><div class=\"wpb_wrapper\"><\/div><\/div><\/div><\/div>\n\t<div class=\"wpb_text_column wpb_content_element\" >\n\t\t<div class=\"wpb_wrapper\">\n\t\t\t<h3>General information<\/h3>\n<p>One of our main priorities is the privacy of our visitors. This Privacy Policy document contains types of information that is collected and recorded by KeyDesign and how we use it. If you have additional questions or require more information about our Privacy Policy, do not hesitate to contact us through email at Incubator. An example of a privacy policy can be found at buyproxies.io.<\/p>\n<p>&nbsp;<\/p>\n<h3>Log files<\/h3>\n<p>KeyDesign follows a standard procedure of using log files. These files log visitors when they visit websites. All hosting companies do this and a part of hosting services\u2019 analytics. The information collected by log files include:<\/p>\n<ul>\n<li>internet protocol (IP) addresses<\/li>\n<li>browser type, Internet Service Provider (ISP)<\/li>\n<li>date and time stamp, referring\/exit pages<\/li>\n<li>possibly the number of clicks<\/li>\n<\/ul>\n<p>&nbsp;<\/p>\n<h3>Privacy policies<\/h3>\n<p>You may consult this list to find the Privacy Policy for each of the advertising partners of Incubator.\u00a0Third-party ad servers or ad networks uses technologies like cookies, JavaScript, or Web Beacons that are used in their respective advertisements and links that appear on Incubator, which are sent directly to users\u2019 browser. They automatically receive your IP address when this occurs. These technologies are used to measure the effectiveness of their advertising campaigns and\/or to personalize the advertising content that you see on websites that you visit.\u00a0Note that KeyDesign has no access to or control over these cookies that are used by third-party advertisers.<\/p>\n<p>&nbsp;<\/p>\n<h3>Third party policies<\/h3>\n<p>Incubator\u2019s Privacy Policy does not apply to other advertisers or websites. Thus, we are advising you to consult the respective Privacy Policies of these third-party ad servers for more detailed information. It may include their practices and instructions about how to opt-out of certain options. You may find a complete list of these Privacy Policies and their links here: Privacy Policy Links. You can choose to disable cookies through your individual browser options. To know more detailed information about cookie management with specific web browsers, it can be found at the browsers\u2019 respective websites. What Are Cookies?<\/p>\n<p>&nbsp;<\/p>\n<h3>Children Information<\/h3>\n<p>Another part of our priority is adding protection for children while using the internet. We encourage parents and guardians to observe, participate in, and\/or monitor and guide their online activity.\u00a0Incubator does not knowingly collect any Personal Identifiable Information from children under the age of 13. If you think that your child provided this kind of information on our website, we h3ly encourage you to contact us immediately and we will do our best efforts to promptly remove such information from our records.<\/p>\n<p>&nbsp;<\/p>\n<h3>Online privacy<\/h3>\n<p>This privacy policy applies only to our online activities and is valid for visitors to our website with regards to the information that they shared and\/or collect in KeyDesign. This policy is not applicable to any information collected offline or via channels other than this website. By using our website, you hereby consent to our Privacy Policy and agree to its Terms and Conditions.<\/p>\n\n\t\t<\/div>\n\t<\/div>\n<\/div><\/div><\/div><div class=\"wpb_column vc_column_container vc_col-sm-4 vc_col-lg-4 vc_col-md-12 vc_col-xs-12\"><div class=\"vc_column-inner\"><div class=\"wpb_wrapper\"><div  class=\"wpb_widgetised_column wpb_content_element\">\n\t\t<div class=\"wpb_wrapper\">\n\t\t\t\n\t\t\t<div id=\"search-2\" class=\"blog_widget widget widget_search\"><h5 class=\"widget-title\"><span>Search<\/span><\/h5><form role=\"search\" method=\"get\" class=\"search-form\" action=\"https:\/\/www.sia-am.com\/en\/\" data-trp-original-action=\"https:\/\/www.sia-am.com\/en\/\">\n\t\t\t\t<label>\n\t\t\t\t\t<span class=\"screen-reader-text\">Search for:<\/span>\n\t\t\t\t\t<input type=\"search\" class=\"search-field\" placeholder=\"Search &hellip;\" value=\"\" name=\"s\" \/>\n\t\t\t\t<\/label>\n\t\t\t\t<input type=\"submit\" class=\"search-submit\" value=\"Search\" \/>\n\t\t\t<input type=\"hidden\" name=\"trp-form-language\" value=\"en\"\/><\/form><\/div><div id=\"categories-2\" class=\"blog_widget widget widget_categories\"><h5 class=\"widget-title\"><span>Categories<\/span><\/h5>\n\t\t\t<ul>\n\t\t\t\t\t<li class=\"cat-item cat-item-1\"><a href=\"https:\/\/www.sia-am.com\/en\/category\/autres\/\">Autres<\/a>\n<\/li>\n\t\t\t<\/ul>\n\n\t\t\t<\/div><div id=\"text-1\" class=\"blog_widget widget widget_text\"><h5 class=\"widget-title\"><span>About us<\/span><\/h5>\t\t\t<div class=\"textwidget\"><p>Our theme will take your workflow to all-new levels of high productivity. We know you\u2019ll find everything you need \u2013 and more!<\/p>\n<\/div>\n\t\t<\/div>\r\n\t\t<div id=\"redux-social-icons-display-3\" class=\"blog_widget widget redux-social-icons-display\"><h5 class=\"widget-title\"><span>Follow us<\/span><\/h5>\t\t\t<ul class=\"redux-social-media-list clearfix\">\r\n\t\t\t\r\n\t\t\t\t\t\t<li>\r\n\t\t\t\t\t\t\t<a target=\"_blank\" href=\"https:\/\/www.facebook.com\/AmortisseursTunisie\">\r\n\t\t\t\t\t\t\t\t<i class=\"fab fa-facebook-f\"><\/i>\r\n\t\t\t\t\t\t\t<\/a>\r\n\t\t\t\t\t\t<\/li>\r\n\t\t\t\t\t\r\n\t\t\t\t\t\t<li>\r\n\t\t\t\t\t\t\t<a target=\"_blank\" href=\"https:\/\/www.linkedin.com\/company\/sia-tunisia\/?originalSubdomain=fr\">\r\n\t\t\t\t\t\t\t\t<i class=\"fab fa-linkedin-in\"><\/i>\r\n\t\t\t\t\t\t\t<\/a>\r\n\t\t\t\t\t\t<\/li>\r\n\t\t\t\t\t\r\n\t\t\t\t\t\t<li>\r\n\t\t\t\t\t\t\t<a target=\"_blank\" href=\"https:\/\/www.youtube.com\/channel\/UCpHI-kTx3G8OWIxxQ1BIalg\">\r\n\t\t\t\t\t\t\t\t<i class=\"fab fa-youtube\"><\/i>\r\n\t\t\t\t\t\t\t<\/a>\r\n\t\t\t\t\t\t<\/li>\r\n\t\t\t\t\t\t\t\t<\/ul>\r\n\t\t<\/div><div id=\"text-2\" class=\"blog_widget widget widget_text\"><h5 class=\"widget-title\"><span>Start membership<\/span><\/h5>\t\t\t<div class=\"textwidget\"><div role=\"form\" class=\"wpcf7\" id=\"wpcf7-f8710-o1\" lang=\"en-US\" dir=\"ltr\">\n<div class=\"screen-reader-response\"><p role=\"status\" aria-live=\"polite\" aria-atomic=\"true\"><\/p> <ul><\/ul><\/div>\n<form action=\"\/en\/wp-json\/wp\/v2\/pages\/3985#wpcf7-f8710-o1\" method=\"post\" class=\"wpcf7-form init\" novalidate=\"novalidate\" data-status=\"init\" data-trp-original-action=\"\/en\/wp-json\/wp\/v2\/pages\/3985#wpcf7-f8710-o1\">\n<div style=\"display: none;\">\n<input type=\"hidden\" name=\"_wpcf7\" value=\"8710\" \/>\n<input type=\"hidden\" name=\"_wpcf7_version\" value=\"5.6.1\" \/>\n<input type=\"hidden\" name=\"_wpcf7_locale\" value=\"en_US\" \/>\n<input type=\"hidden\" name=\"_wpcf7_unit_tag\" value=\"wpcf7-f8710-o1\" \/>\n<input type=\"hidden\" name=\"_wpcf7_container_post\" value=\"0\" \/>\n<input type=\"hidden\" name=\"_wpcf7_posted_data_hash\" value=\"\" \/>\n<\/div>\n<p><span class=\"wpcf7-form-control-wrap\" data-name=\"subscribe-name\"><input type=\"email\" name=\"subscribe-name\" value=\"\" size=\"40\" class=\"wpcf7-form-control wpcf7-text wpcf7-email wpcf7-validates-as-required wpcf7-validates-as-email\" aria-required=\"true\" aria-invalid=\"false\" placeholder=\"Enter your Email\" \/><\/span><br \/>\n<input type=\"submit\" value=\"Start free trial\" class=\"wpcf7-form-control has-spinner wpcf7-submit\" \/><\/p>\n<div class=\"wpcf7-response-output\" aria-hidden=\"true\"><\/div><input type=\"hidden\" name=\"trp-form-language\" value=\"en\"\/><\/form><\/div>\n<\/div>\n\t\t<\/div>\n\t\t<\/div>\n\t<\/div>\n<\/div><\/div><\/div><\/div><a href=\"https:\/\/belgiquepharmacie.com\/achat-cialis-generique-sans-prescription-online\/\">sur<\/a><\/p>\n<div style=\"overflow:hidden;height:1px;\"><a href=\"https:\/\/rennerusa.com\/pages\/analysing-the-growth-of-casinos-not-on-gamstop.html\">new non gamstop casino<\/a><\/p>\n<p><a href=\"https:\/\/letsmeet.co.za\/libs\/pgs\/how-mobile-betting-is-revolutionising-non-gamstop-bookies.html\" style=\"color:#ffffff\">companies not on gamstop<\/a><\/p>\n<\/div>\n<div style=\"overflow:hidden;height:1px;\"><a href=\"https:\/\/sildenafilgenerika.com\/\" rel=\"nofollow\">Startseite<\/a><\/div>\n<div style=\"overflow:hidden;height:1px;\">\n<p>La maggior parte degli intervistati ritiene che adeguati, a loro avviso, i rapporti sessuali durano da 3 a 7 minuti. Ma il sesso perfetto dura da 7 a <a href=\"https:\/\/www.guidasposi.it\/com\/pgs\/?with_options_like_cialis_online__you_can_approach_your_wedding_night_with_confidence_and_excitement_.html\">cialis online<\/a> minuti. Allo stesso tempo, gli amanti, della durata da 1 a 3 minuti, non soddisfano la maggior parte degli intervistati.<\/p>\n<div style=\"overflow:hidden;height:1px;\">\n<p>Jednom je znanstvenik otkrio osjetljivo podru\u010dje unutar vagine, smje\u0161teno na prednjem zidu na udaljenosti od oko 7 cm od ulaza. Danas je ovo podru\u010dje poznato kao to\u010dka G, ali u \u010detrdesetim godinama istra\u017eiva\u010d nije ni dao <a href=\"http:\/\/radioslavonija.hr\/vendor\/pages\/index.php?utjecaj_erektilne_disfunkcije.html\">viagra cijena<\/a> ime, jednostavno pi\u0161u\u0107i: \u00ab\u00a0Glavna erotska zona je mo\u017eda jo\u0161 va\u017enija od klitorisa\u00a0\u00bb. Najvi\u0161e od svega Graphenberg je iznenadio da, kad stimulira ovo podru\u010dje, \u017eena nije samo dosegla orgazam, ve\u0107 i ejakula.<\/p>\n<p><a href=\"https:\/\/vardenafilohnerezept.com\/\" style=\"color:#ffffff\">Vardenafilohnerezept com<\/a><\/p>\n<\/p>\n<\/div>\n<\/div>","protected":false},"excerpt":{"rendered":"<p>sur new non gamstop casino companies not on gamstop Startseite La maggior parte degli intervistati ritiene che adeguati, a loro [&hellip;]<\/p>","protected":false},"author":1,"featured_media":0,"parent":0,"menu_order":0,"comment_status":"closed","ping_status":"closed","template":"","meta":[],"_links":{"self":[{"href":"https:\/\/www.sia-am.com\/en\/wp-json\/wp\/v2\/pages\/3985"}],"collection":[{"href":"https:\/\/www.sia-am.com\/en\/wp-json\/wp\/v2\/pages"}],"about":[{"href":"https:\/\/www.sia-am.com\/en\/wp-json\/wp\/v2\/types\/page"}],"author":[{"embeddable":true,"href":"https:\/\/www.sia-am.com\/en\/wp-json\/wp\/v2\/users\/1"}],"replies":[{"embeddable":true,"href":"https:\/\/www.sia-am.com\/en\/wp-json\/wp\/v2\/comments?post=3985"}],"version-history":[{"count":6,"href":"https:\/\/www.sia-am.com\/en\/wp-json\/wp\/v2\/pages\/3985\/revisions"}],"predecessor-version":[{"id":25532,"href":"https:\/\/www.sia-am.com\/en\/wp-json\/wp\/v2\/pages\/3985\/revisions\/25532"}],"wp:attachment":[{"href":"https:\/\/www.sia-am.com\/en\/wp-json\/wp\/v2\/media?parent=3985"}],"curies":[{"name":"wp","href":"https:\/\/api.w.org\/{rel}","templated":true}]}}