{"id":5744,"date":"2018-10-22T13:47:44","date_gmt":"2018-10-22T13:47:44","guid":{"rendered":"https:\/\/www.ekko-wp.com\/?page_id=5744"},"modified":"2025-01-28T09:53:58","modified_gmt":"2025-01-28T09:53:58","slug":"qualite","status":"publish","type":"page","link":"https:\/\/www.sia-am.com\/en\/qualite\/","title":{"rendered":"Quality"},"content":{"rendered":"<div data-vc-full-width=\"true\" data-vc-full-width-init=\"false\" class=\"vc_row wpb_row vc_row-fluid vc_row-bg-position-top\"><div class=\"wpb_column vc_column_container vc_col-sm-12\"><div class=\"vc_column-inner\"><div class=\"wpb_wrapper\"><div class=\"vc_row wpb_row vc_inner vc_row-fluid vc_custom_1660761235733 vc_row-has-padding-top vc_row-bg-position-top\"><div class=\"wpb_column vc_column_container vc_col-sm-12\"><div class=\"vc_column-inner\"><div class=\"wpb_wrapper\"><header class=\"kd-section-title col-lg-12 text-left  subtitle-below-title kd-animated fadeIn   vc_custom_1660761081948\" data-animation-delay=\"200\"><h2 class=\"separator_off\" >SIA Quality Management System<\/h2><\/header>\n\t<div class=\"wpb_text_column wpb_content_element  vc_custom_1660763288007\" >\n\t\t<div class=\"wpb_wrapper\">\n\t\t\t<h6>SIA has a quality system with automotive certification IATF 16949 (version 2018), environmental certification ISO 14001 and Occupational Health and Safety Management ISO 45001.<\/h6>\n<h6>SIA is committed to environmental protection and its products &amp; processes comply with European requirements such as the European REACH regulation.<\/h6>\n<h6>SIA ensures the safety of its employees and customers by applying international normative standards.<\/h6>\n<h6>SIA's quality system has evolved from ISO9001, QS9000 and VDA 6.1 to IATF 16949 (version 2018) certified by the German organization DQS.<\/h6>\n<h6>The ISO 14001 environmental certification was obtained in July 2013.<\/h6>\n<h6>SIA obtained the Occupational Health and Safety Management ISO 45001 certification in February 2019.<\/h6>\n\n\t\t<\/div>\n\t<\/div>\n<\/div><\/div><\/div><\/div><div class=\"slider clients lift-effect kd-client-69e2749207552\"><div class=\"clients-content kd-animated fadeInUp\" data-animation-delay=\"400\"><a href=\"https:\/\/www.sia-am.com\/wp-content\/uploads\/2023\/01\/UM15_40550251-UM15_EN.pdf\" target=\"_blank\"><img width=\"1058\" height=\"1497\" src=\"https:\/\/www.sia-am.com\/wp-content\/uploads\/2025\/01\/IATF16_40550251-IATF16_FR-1-pdf.jpg\" class=\"attachment-full\" alt=\"\" decoding=\"async\" loading=\"lazy\" title=\"Quality Management System.\" \/><\/a><\/div><div class=\"clients-content kd-animated fadeInUp\" data-animation-delay=\"600\"><a href=\"https:\/\/www.sia-am.com\/wp-content\/uploads\/2023\/01\/IATF16_40550251-IATF16_EN.pdf\" target=\"_blank\"><img width=\"1058\" height=\"1497\" src=\"https:\/\/www.sia-am.com\/wp-content\/uploads\/2025\/01\/ISO14001_UM15_40550251-UM15_FR-1-pdf.jpg\" class=\"attachment-full\" alt=\"\" decoding=\"async\" loading=\"lazy\" title=\"ISO14001_UM15_40550251 UM15_FR\" \/><\/a><\/div><div class=\"clients-content kd-animated fadeInUp\" data-animation-delay=\"800\"><a href=\"https:\/\/www.sia-am.com\/wp-content\/uploads\/2023\/01\/OHS18_40550251-OHS18_EN.pdf\" target=\"_blank\"><img width=\"1058\" height=\"1497\" src=\"https:\/\/www.sia-am.com\/wp-content\/uploads\/2025\/01\/ISO45001_OHS18_40550251-OHS18_FR-1-pdf.jpg\" class=\"attachment-full\" alt=\"\" decoding=\"async\" loading=\"lazy\" title=\"ISO45001_OHS18_40550251 OHS18_FR\" \/><\/a><\/div><\/div><script>\r\n              jQuery(document).ready(function($){\r\n                if ($(\".slider.clients.kd-client-69e2749207552\").length) {\r\n                  $(\".slider.clients.kd-client-69e2749207552\").owlCarousel({\r\n                    stageClass: \"owl-wrapper\",\r\n                    stageOuterClass: \"owl-wrapper-outer\",\r\n                    loadedClass: \"owl-carousel\",\r\n                    responsiveClass:true,\r\n                    responsive:{\r\n                      0:{\r\n                          items:2,dots: false,},\r\n                      415:{\r\n                          items:3,dots: false,},\r\n                      960:{\r\n                          items:4,dots: false,}\r\n                    },\r\n                  });\r\n                }\r\n              });\r\n            <\/script>\n\t<div class=\"wpb_text_column wpb_content_element  vc_custom_1662059952651\" >\n\t\t<div class=\"wpb_wrapper\">\n\t\t\t<h6>Thanks to its after-sales service, SIA provides its customers with an entity that deals with complaints in a timely manner and replaces shock absorbers within the scope of the warranty.<\/h6>\n<h6>SIA products are guaranteed for 2 years from the date of purchase<\/h6>\n\n\t\t<\/div>\n\t<\/div>\n<header class=\"kd-section-title col-lg-12 text-left  subtitle-below-title kd-animated fadeIn   vc_custom_1660761154396\" data-animation-delay=\"200\"><h2 class=\"separator_off\" >SIA After Sales Services<\/h2><\/header><\/div><\/div><\/div><\/div><div class=\"vc_row-full-width vc_clearfix\"><\/div><div class=\"vc_row wpb_row vc_row-fluid vc_row-bg-position-top\"><div class=\"wpb_column vc_column_container vc_col-sm-12\"><div class=\"vc_column-inner\"><div class=\"wpb_wrapper\"><div class=\"vc_row wpb_row vc_inner vc_row-fluid vc_row-bg-position-top\"><div class=\"wpb_column vc_column_container vc_col-sm-12\"><div class=\"vc_column-inner\"><div class=\"wpb_wrapper\"><\/div><\/div><\/div><\/div><\/div><\/div><\/div><\/div><div class=\"vc_row wpb_row vc_row-fluid vc_row-bg-position-top\"><div class=\"wpb_column vc_column_container vc_col-sm-12\"><div class=\"vc_column-inner vc_custom_1660763334868\"><div class=\"wpb_wrapper\"><div class=\"kd-photobox\" ><div class=\"photobox-img\"><img width=\"500\" height=\"334\" src=\"https:\/\/www.sia-am.com\/wp-content\/uploads\/2022\/08\/q1.jpg\" class=\"attachment-full\" alt=\"\" decoding=\"async\" loading=\"lazy\" title=\"q1\" srcset=\"https:\/\/www.sia-am.com\/wp-content\/uploads\/2022\/08\/q1.jpg 500w, https:\/\/www.sia-am.com\/wp-content\/uploads\/2022\/08\/q1-300x200.jpg 300w\" sizes=\"(max-width: 500px) 100vw, 500px\" \/><\/div><div class=\"phb-content text-center\">\n                  <h5 ><\/h5>\n                  <p ><\/p><\/div><\/div><\/div><\/div><\/div><\/div><div class=\"vc_row wpb_row vc_row-fluid vc_row-bg-position-top\"><div class=\"wpb_column vc_column_container vc_col-sm-12\"><div class=\"vc_column-inner\"><div class=\"wpb_wrapper\"><header class=\"kd-section-title col-lg-12 text-left  subtitle-below-title kd-animated fadeIn   vc_custom_1660761161763\" data-animation-delay=\"200\"><h2 class=\"separator_off\" >Production quality<\/h2><\/header>\n\t<div class=\"wpb_text_column wpb_content_element\" >\n\t\t<div class=\"wpb_wrapper\">\n\t\t\t<h6>The Quality Department is made up of a highly qualified team that has all the necessary means and metrological instruments to ensure that the customer receives a product that conforms to the specifications and is controlled at the various stages of production and is 100% tested in the final phase on damping law test benches.<\/h6>\n<h6>The quality control of the raw material and of the process is carried out using advanced means, including:<\/h6>\n<ul class=\"square\">\n<li>\n<h6>ZEISS three-dimensional inspection machine<\/h6>\n<\/li>\n<li>\n<h6>Flow speed law test benches<\/h6>\n<\/li>\n<\/ul>\n\n\t\t<\/div>\n\t<\/div>\n<div class=\"slider clients lift-effect kd-client-69e27492092f1\"><div class=\"clients-content kd-animated fadeInUp\" data-animation-delay=\"400\"><img width=\"337\" height=\"420\" src=\"https:\/\/www.sia-am.com\/wp-content\/uploads\/2022\/08\/transport2.png\" class=\"attachment-full\" alt=\"\" decoding=\"async\" loading=\"lazy\" title=\"transport2\" srcset=\"https:\/\/www.sia-am.com\/wp-content\/uploads\/2022\/08\/transport2.png 337w, https:\/\/www.sia-am.com\/wp-content\/uploads\/2022\/08\/transport2-241x300.png 241w\" sizes=\"(max-width: 337px) 100vw, 337px\" \/><\/div><div class=\"clients-content kd-animated fadeInUp\" data-animation-delay=\"600\"><img width=\"337\" height=\"420\" src=\"https:\/\/www.sia-am.com\/wp-content\/uploads\/2022\/08\/transport2-1.png\" class=\"attachment-full\" alt=\"\" decoding=\"async\" loading=\"lazy\" title=\"transport2 (1)\" srcset=\"https:\/\/www.sia-am.com\/wp-content\/uploads\/2022\/08\/transport2-1.png 337w, https:\/\/www.sia-am.com\/wp-content\/uploads\/2022\/08\/transport2-1-241x300.png 241w\" sizes=\"(max-width: 337px) 100vw, 337px\" \/><\/div><div class=\"clients-content kd-animated fadeInUp\" data-animation-delay=\"800\"><img width=\"337\" height=\"420\" src=\"https:\/\/www.sia-am.com\/wp-content\/uploads\/2022\/09\/q4.2.png\" class=\"attachment-full\" alt=\"\" decoding=\"async\" loading=\"lazy\" title=\"q4.2\" srcset=\"https:\/\/www.sia-am.com\/wp-content\/uploads\/2022\/09\/q4.2.png 337w, https:\/\/www.sia-am.com\/wp-content\/uploads\/2022\/09\/q4.2-241x300.png 241w\" sizes=\"(max-width: 337px) 100vw, 337px\" \/><\/div><\/div><script>\r\n              jQuery(document).ready(function($){\r\n                if ($(\".slider.clients.kd-client-69e27492092f1\").length) {\r\n                  $(\".slider.clients.kd-client-69e27492092f1\").owlCarousel({\r\n                    stageClass: \"owl-wrapper\",\r\n                    stageOuterClass: \"owl-wrapper-outer\",\r\n                    loadedClass: \"owl-carousel\",\r\n                    responsiveClass:true,\r\n                    responsive:{\r\n                      0:{\r\n                          items:2,dots: false,},\r\n                      415:{\r\n                          items:3,dots: false,},\r\n                      960:{\r\n                          items:3,dots: false,}\r\n                    },\r\n                  });\r\n                }\r\n              });\r\n            <\/script><\/div><\/div><\/div><\/div><div class=\"vc_row wpb_row vc_row-fluid vc_row-bg-position-top\"><div class=\"wpb_column vc_column_container vc_col-sm-12\"><div class=\"vc_column-inner\"><div class=\"wpb_wrapper\">\n\t<div class=\"wpb_text_column wpb_content_element\" >\n\t\t<div class=\"wpb_wrapper\">\n\t\t\t<h6>All batches of shock absorbers go through a complete validation plan and undergo a series of tests under extreme conditions of use.<\/h6>\n\n\t\t<\/div>\n\t<\/div>\n<\/div><\/div><\/div><\/div>","protected":false},"excerpt":{"rendered":"Syst\u00e8me de management de la qualit\u00e9 SIA SIA poss\u00e8de un syst\u00e8me qualit\u00e9 avec les certifications automobile IATF 16949 (version 2018), [...]","protected":false},"author":1,"featured_media":10129,"parent":0,"menu_order":0,"comment_status":"closed","ping_status":"closed","template":"","meta":[],"_links":{"self":[{"href":"https:\/\/www.sia-am.com\/en\/wp-json\/wp\/v2\/pages\/5744"}],"collection":[{"href":"https:\/\/www.sia-am.com\/en\/wp-json\/wp\/v2\/pages"}],"about":[{"href":"https:\/\/www.sia-am.com\/en\/wp-json\/wp\/v2\/types\/page"}],"author":[{"embeddable":true,"href":"https:\/\/www.sia-am.com\/en\/wp-json\/wp\/v2\/users\/1"}],"replies":[{"embeddable":true,"href":"https:\/\/www.sia-am.com\/en\/wp-json\/wp\/v2\/comments?post=5744"}],"version-history":[{"count":40,"href":"https:\/\/www.sia-am.com\/en\/wp-json\/wp\/v2\/pages\/5744\/revisions"}],"predecessor-version":[{"id":25926,"href":"https:\/\/www.sia-am.com\/en\/wp-json\/wp\/v2\/pages\/5744\/revisions\/25926"}],"wp:featuredmedia":[{"embeddable":true,"href":"https:\/\/www.sia-am.com\/en\/wp-json\/wp\/v2\/media\/10129"}],"wp:attachment":[{"href":"https:\/\/www.sia-am.com\/en\/wp-json\/wp\/v2\/media?parent=5744"}],"curies":[{"name":"wp","href":"https:\/\/api.w.org\/{rel}","templated":true}]}}