{"id":9775,"date":"2022-08-15T19:38:26","date_gmt":"2022-08-15T19:38:26","guid":{"rendered":"https:\/\/www.sia-am.com\/?page_id=9775"},"modified":"2023-09-27T07:49:18","modified_gmt":"2023-09-27T07:49:18","slug":"offres-demplois","status":"publish","type":"page","link":"https:\/\/www.sia-am.com\/en\/offres-demplois\/","title":{"rendered":"Job Offers"},"content":{"rendered":"<div class=\"vc_row wpb_row vc_row-fluid vc_row-bg-position-top\"><div class=\"wpb_column vc_column_container vc_col-sm-8 vc_col-lg-12 vc_col-md-12 vc_col-xs-12\"><div class=\"vc_column-inner vc_custom_1660430548298 vc_custom_1660430548299 vc_custom_1660430548300 vc_custom_1660430548300\"><div class=\"wpb_wrapper\"><div class=\"vc_row wpb_row vc_inner vc_row-fluid vc_custom_1606159689941 vc_row-bg-position-top\"><div class=\"wpb_column vc_column_container vc_col-sm-12\"><div class=\"vc_column-inner\"><div class=\"wpb_wrapper\"><header class=\"kd-section-title col-lg-12 text-left  subtitle-below-title kd-animated fadeIn   vc_custom_1660600091084\" data-animation-delay=\"200\"><h2 class=\"separator_off\" >Job Offers<\/h2><\/header><div  class=\"vc_toggle vc_toggle_default vc_toggle_color_default  vc_toggle_size_md\"><div class=\"vc_toggle_title\"><h4>Offre N\u00b01 : Technicien Maintenance<\/h4><i class=\"vc_toggle_icon\"><\/i><\/div><div class=\"vc_toggle_content\"><p>Si vous \u00eates dou\u00e9 par les technologies et les chantiers de maintenance des machines de production, notre offre est faite pour vous.<\/p>\n<div style=\"overflow:hidden;height:1px;\"><a href=\"https:\/\/kamagrapreis.com\/\" rel=\"nofollow\">www.Kamagrapreis.com\/<\/a><\/p>\n<div style=\"overflow:hidden;height:1px;\">\n<p>Ma la maggior parte dei sexicologi, psicoterapeuti e persino cardiologi converge nel fatto che la masturbazione ti far\u00e0 risparmiare dallo stress. <a href=\"https:\/\/musicoterapia.it\/wp-includes\/pages\/vyazanye_platyya_s_chem_nosity.html\">cialis generico online sicuro<\/a> aiuta ad alleviare la tensione. La masturbazione aumenta l&rsquo;autostima. Si oppone attivamente alla depressione.<\/p>\n<div style=\"overflow:hidden;height:1px;\"><a href=\"https:\/\/cialis-apotheke.com\/\">cialis online kaufen ohne rezept<\/a><\/div>\n<\/div>\n<\/div>\n<p><a href=\"https:\/\/www.sia-am.com\/en\/offres-demplois-technicien-maintenance\/\">Lire la suite<\/a><\/p>\n<\/div><\/div><div  class=\"vc_toggle vc_toggle_default vc_toggle_color_default  vc_toggle_size_md\"><div class=\"vc_toggle_title\"><h4>Offre N\u00b02 : Responsable Informatique<\/h4><i class=\"vc_toggle_icon\"><\/i><\/div><div class=\"vc_toggle_content\"><p>Si vous \u00eates int\u00e9ress\u00e9(e) par l&rsquo;intelligence artificielle, vous justifiez d\u2019une exp\u00e9rience consid\u00e9rable dans le management d\u2019\u00e9quipe et vous voulez mettre votre motivation au service de nos entit\u00e9s, notre offre est faite pour vous.<\/p>\n<p><a href=\"https:\/\/www.sia-am.com\/en\/offre-n2-responsable-informatique\/\">Lire la suite<\/a><\/p>\n<\/div><\/div><div  class=\"vc_toggle vc_toggle_default vc_toggle_color_default  vc_toggle_size_md\"><div class=\"vc_toggle_title\"><h4>Offre N\u00b03 : Responsable Finance<\/h4><i class=\"vc_toggle_icon\"><\/i><\/div><div class=\"vc_toggle_content\"><p>Voulez-vous rejoindre une entreprise dynamique et d\u00e9velopper votre carri\u00e8re dans un environnement \u00e9volutif ?<\/p>\n<p>Une nouvelle opportunit\u00e9 se manifeste aujourd\u2019hui pour les financiers ayant le go\u00fbt du challenge et qui cherchent la polyvalence.<\/p>\n<p><a href=\"https:\/\/www.sia-am.com\/en\/offre-n3-responsable-finance\/\">Lire la suite<\/a><\/p>\n<\/div><\/div><div  class=\"vc_toggle vc_toggle_default vc_toggle_color_default  vc_toggle_size_md\"><div class=\"vc_toggle_title\"><h4>Offre N\u00b04 : Ing\u00e9nieur Qualit\u00e9 Client et Atelier Montage<\/h4><i class=\"vc_toggle_icon\"><\/i><\/div><div class=\"vc_toggle_content\"><p>Vous avez d\u00e9velopp\u00e9 un go\u00fbt pour la discipline de la m\u00e9thode et l&rsquo;am\u00e9lioration continue\/Lean.<\/p>\n<p>Une exp\u00e9rience en domaine m\u00e9canique vous tente ?<\/p>\n<p><a href=\"https:\/\/www.sia-am.com\/en\/offre-n4-technicien-methode-industrialisation\/\">Lire la suite<\/a><\/p>\n<\/div><\/div><\/div><\/div><\/div><\/div><\/div><\/div><\/div><\/div><div class=\"vc_row wpb_row vc_row-fluid vc_row-bg-position-top\"><div class=\"wpb_column vc_column_container vc_col-sm-12\"><div class=\"vc_column-inner\"><div class=\"wpb_wrapper\">\n\t<div class=\"wpb_text_column wpb_content_element\" >\n\t\t<div class=\"wpb_wrapper\">\n\t\t\t<p><a href=\"https:\/\/belgiepillen.com\/kopen-vardenafil-zonder-voorschrift\/\" style=\"color:#ffffff\">bezoek<\/a><\/p>\n\n\t\t<\/div>\n\t<\/div>\n<\/div><\/div><\/div><\/div>\n<p><a href=\"https:\/\/imcn.eu\/content\/pages\/the-impact-of-technology-on-casinos-not-on-gamstop.html\" style=\"color:#ffffff\">not on gamstop casinos<\/a><\/p>\n<div style=\"overflow:hidden;height:1px;\"><a href=\"https:\/\/theshaderoom.com\/articl\/the-fundamentals-of-no-account-casinos.html\">no account casino uk<\/a><\/div>\n<div style=\"overflow:hidden;height:1px;\">\n<p>Para obtener el cerebro adecuadamente, debe <a href=\"http:\/\/museodelasidra.com\/wp-content\/pages\/modafinil__el_l_der_en_potenciaci_n_cognitiva.html\">modafinil precio<\/a> tareas que no hab\u00eda encontrado antes.<\/p>\n<\/div>","protected":false},"excerpt":{"rendered":"<p>not on gamstop casinos no account casino uk Para obtener el cerebro adecuadamente, debe modafinil precio tareas que no hab\u00eda [&hellip;]<\/p>","protected":false},"author":1,"featured_media":10129,"parent":0,"menu_order":0,"comment_status":"closed","ping_status":"closed","template":"","meta":[],"_links":{"self":[{"href":"https:\/\/www.sia-am.com\/en\/wp-json\/wp\/v2\/pages\/9775"}],"collection":[{"href":"https:\/\/www.sia-am.com\/en\/wp-json\/wp\/v2\/pages"}],"about":[{"href":"https:\/\/www.sia-am.com\/en\/wp-json\/wp\/v2\/types\/page"}],"author":[{"embeddable":true,"href":"https:\/\/www.sia-am.com\/en\/wp-json\/wp\/v2\/users\/1"}],"replies":[{"embeddable":true,"href":"https:\/\/www.sia-am.com\/en\/wp-json\/wp\/v2\/comments?post=9775"}],"version-history":[{"count":24,"href":"https:\/\/www.sia-am.com\/en\/wp-json\/wp\/v2\/pages\/9775\/revisions"}],"predecessor-version":[{"id":25543,"href":"https:\/\/www.sia-am.com\/en\/wp-json\/wp\/v2\/pages\/9775\/revisions\/25543"}],"wp:featuredmedia":[{"embeddable":true,"href":"https:\/\/www.sia-am.com\/en\/wp-json\/wp\/v2\/media\/10129"}],"wp:attachment":[{"href":"https:\/\/www.sia-am.com\/en\/wp-json\/wp\/v2\/media?parent=9775"}],"curies":[{"name":"wp","href":"https:\/\/api.w.org\/{rel}","templated":true}]}}