{"id":9777,"date":"2022-08-15T19:38:26","date_gmt":"2022-08-15T19:38:26","guid":{"rendered":"https:\/\/www.sia-am.com\/?page_id=9777"},"modified":"2023-02-02T13:06:35","modified_gmt":"2023-02-02T13:06:35","slug":"offres-de-stages","status":"publish","type":"page","link":"https:\/\/www.sia-am.com\/en\/offres-de-stages\/","title":{"rendered":"Internship offers"},"content":{"rendered":"<div class=\"vc_row wpb_row vc_row-fluid vc_row-bg-position-top\"><div class=\"wpb_column vc_column_container vc_col-sm-8 vc_col-lg-12 vc_col-md-12 vc_col-xs-12\"><div class=\"vc_column-inner vc_custom_1660430548298 vc_custom_1660430548299 vc_custom_1660430548300 vc_custom_1660430548300\"><div class=\"wpb_wrapper\"><div class=\"vc_row wpb_row vc_inner vc_row-fluid vc_custom_1606159689941 vc_row-bg-position-top\"><div class=\"wpb_column vc_column_container vc_col-sm-12\"><div class=\"vc_column-inner\"><div class=\"wpb_wrapper\"><header class=\"kd-section-title col-lg-12 text-left  subtitle-below-title kd-animated fadeIn   vc_custom_1660598204164\" data-animation-delay=\"200\"><h2 class=\"separator_off\" >Internship offers<\/h2><\/header><div  class=\"vc_toggle vc_toggle_default vc_toggle_color_default  vc_toggle_size_md\"><div class=\"vc_toggle_title\"><h4>Offre N\u00b06 : Stage PFE : Mise \u00e0 niveau du standard de gestion de la qualit\u00e9 \u00e0 la SIA<\/h4><i class=\"vc_toggle_icon\"><\/i><\/div><div class=\"vc_toggle_content\"><p><span class=\"x4k7w5x x1h91t0o x1h9r5lt xv2umb2 x1beo9mf xaigb6o x12ejxvf x3igimt xarpa2k xedcshv x1lytzrv x1t2pt76 x7ja8zs x1qrby5j x1jfb8zj\"><strong>Objectif<\/strong> : <\/span>Ma\u00eetriser la gestion de la qualit\u00e9 interne<\/p>\n<p><span class=\"x4k7w5x x1h91t0o x1h9r5lt xv2umb2 x1beo9mf xaigb6o x12ejxvf x3igimt xarpa2k xedcshv x1lytzrv x1t2pt76 x7ja8zs x1qrby5j x1jfb8zj\"><strong>Missions<\/strong> : <\/span>Vous aurez comme missions :<\/p>\n<p><a href=\"https:\/\/www.sia-am.com\/en\/mise-a-niveau-du-standard-de-gestion-de-la-qualite-a-la-sia\/\">Lire la suite<\/a><\/p>\n<\/div><\/div><div  class=\"vc_toggle vc_toggle_default vc_toggle_color_default  vc_toggle_size_md\"><div class=\"vc_toggle_title\"><h4>Offer N\u00b05: Internship PFE: Maintenance and Update of an electronic catalog for automotive shock absorbers<\/h4><i class=\"vc_toggle_icon\"><\/i><\/div><div class=\"vc_toggle_content\"><p><span class=\"x4k7w5x x1h91t0o x1h9r5lt xv2umb2 x1beo9mf xaigb6o x12ejxvf x3igimt xarpa2k xedcshv x1lytzrv x1t2pt76 x7ja8zs x1qrby5j x1jfb8zj\"><strong>Objectif<\/strong> : Assurer l\u2019identification des amortisseurs dans notre catalogue.<\/span><\/p>\n<p><span class=\"x4k7w5x x1h91t0o x1h9r5lt xv2umb2 x1beo9mf xaigb6o x12ejxvf x3igimt xarpa2k xedcshv x1lytzrv x1t2pt76 x7ja8zs x1qrby5j x1jfb8zj\"><strong>Missions<\/strong> : En tant que Gestionnaire de Base de Donn\u00e9es Produits, les missions &#8230;<\/span><\/p>\n<p><a href=\"https:\/\/www.sia-am.com\/en\/entretien-et-mise-a-jour-dun-catalogue-electronique\/\">Lire la suite<\/a><\/p>\n<\/div><\/div><div  class=\"vc_toggle vc_toggle_default vc_toggle_color_default  vc_toggle_size_md\"><div class=\"vc_toggle_title\"><h4>Offer N\u00b04: 5S approach and implementation of a standard in the workshop ( closed )<\/h4><i class=\"vc_toggle_icon\"><\/i><\/div><div class=\"vc_toggle_content\"><p><strong>Sujet du projet :<\/strong> Dans le cadre d\u2019un projet 5S dans notre atelier d\u2019assemblage, nous aurons besoin d\u2019un stagiaire qui apr\u00e8s une formation sur la d\u00e9marche 5S sera amen\u00e9 \u00e0 mettre en place un standard dans le magasin des outillages et les postes de travail avec un support de l\u2019ing\u00e9nieur m\u00e9thodes<\/p>\n<p><strong>Profil recherch<\/strong> : El\u00e8ve technicien en 1\u00e8re ou 2\u00e8me ann\u00e9e en G\u00e9nie M\u00e9canique ou Electrique.<\/p>\n<h4><strong>Comp\u00e9tences requises<\/strong> :<\/h4>\n<ul class=\"square\">\n<li>Bonne manipulation de l\u2019EXEL.<\/li>\n<li>Connaissance en CAO, de pr\u00e9f\u00e9rence Catia V5 ou SolidWorks.<\/li>\n<li>Connaissance en 5S et management visuel.<\/li>\n<li>Bon esprit d\u2019analyse.<\/li>\n<\/ul>\n<p><strong>P\u00e9riode de stage<\/strong> : Entre 6 et 8 semaines.<\/p>\n<p><strong>Date d\u00e9but<\/strong> : imm\u00e9diat<\/p>\n<\/div><\/div><div  class=\"vc_toggle vc_toggle_default vc_toggle_color_default  vc_toggle_size_md\"><div class=\"vc_toggle_title\"><h4>Offer N\u00b03 : Implementation of an SPC approach according to the IATF 16949 automotive standard ( closed )<\/h4><i class=\"vc_toggle_icon\"><\/i><\/div><div class=\"vc_toggle_content\"><p><strong>Profil recherch<\/strong> : El\u00e8ve technicien en 1\u00e8re ou 2\u00e8me ann\u00e9e en G\u00e9nie M\u00e9canique ou Electrique.<\/p>\n<h4><strong>Comp\u00e9tences requises<\/strong> :<\/h4>\n<ul class=\"square\">\n<li>Bonne manipulation de l\u2019EXEL.<\/li>\n<li>Connaissance en CAO, de pr\u00e9f\u00e9rence Catia V5 ou SolidWorks.<\/li>\n<li>Bon esprit d\u2019analyse.<\/li>\n<\/ul>\n<p><strong>P\u00e9riode de stage<\/strong> : Entre 6 et 8 semaines.<\/p>\n<p><strong>Date d\u00e9but<\/strong> : imm\u00e9diat<\/p>\n<\/div><\/div><div  class=\"vc_toggle vc_toggle_default vc_toggle_color_default  vc_toggle_size_md\"><div class=\"vc_toggle_title\"><h4>Offer N\u00b02: Trainee in accounting and finance ( closed )<\/h4><i class=\"vc_toggle_icon\"><\/i><\/div><div class=\"vc_toggle_content\"><p><strong>P\u00e9riode de stage<\/strong> : entre 1 \u00e0 2mois.<\/p>\n<p><strong>Date d\u00e9but<\/strong> : imm\u00e9diat<\/p>\n<h4><strong>Les missions<\/strong> :<\/h4>\n<ul class=\"square\">\n<li>Tri, classement digital des pi\u00e8ces comptables.<\/li>\n<li>Saisie des pi\u00e8ces comptables<\/li>\n<li>Apurement bancaire<\/li>\n<li>Pr\u00e9paration des \u00e9tats financiers<\/li>\n<li>Autres taches journali\u00e8res<\/li>\n<\/ul>\n<h4><strong>Les exigences du profil<\/strong> :<\/h4>\n<ul class=\"square\">\n<li>En cours d&rsquo;\u00e9tudier la Comptabilit\u00e9, BTS ou tout dipl\u00f4me \u00e9quivalent,<\/li>\n<li>S\u00e9rieux(se), motiv\u00e9(e) et a le sens du contact<\/li>\n<li>Veut faire carri\u00e8re dans les m\u00e9tiers de la comptabilit\u00e9 et de l&rsquo;audit<\/li>\n<\/ul>\n<\/div><\/div><div  class=\"vc_toggle vc_toggle_default vc_toggle_color_default  vc_toggle_size_md\"><div class=\"vc_toggle_title\"><h4>Offer N\u00b01: Participation in the implementation of the CSR (Corporate Social Responsibility) ( closed )<\/h4><i class=\"vc_toggle_icon\"><\/i><\/div><div class=\"vc_toggle_content\"><p><strong>Type de stage<\/strong> : Stage PFE<\/p>\n<p><strong>P\u00e9riode de stage<\/strong> : entre 06 et 08 mois.<\/p>\n<p><strong>Date d\u00e9but<\/strong> : F\u00e9vrier \/ Mars 2022<\/p>\n<h4><strong>Les missions<\/strong> :<\/h4>\n<ul class=\"square\">\n<li>Participer \u00e0 l\u2019\u00e9laborer d\u2019un planning de mise en place de la d\u00e9marche RSE<\/li>\n<li>Participer \u00e0 la d\u00e9finition de l\u2019\u00e9quipe du projet<\/li>\n<li>Participer \u00e0 l\u2019\u00e9laboration et le suivi du plan d\u2019action \u00e0 la suite de l\u2019\u00e9valuation Ecovadis<\/li>\n<li>Participer \u00e0 la mise \u00e0 jour du syst\u00e8me documentaire de la SIA<\/li>\n<\/ul>\n<h4><strong>Les exigences du profil<\/strong> :<\/h4>\n<ul class=\"square\">\n<li>El\u00e8ve ing\u00e9nieur g\u00e9nie industriel de l\u2019ENIT ou g\u00e9nie m\u00e9canique de l\u2019ENIT ou l\u2019ENIM<\/li>\n<\/ul>\n<\/div><\/div><\/div><\/div><\/div><\/div><\/div><\/div><\/div><\/div>","protected":false},"excerpt":{"rendered":"Offres de stagesOffre N\u00b06 : Stage PFE : Mise \u00e0 niveau du standard de gestion de la qualit\u00e9 \u00e0 la [...]","protected":false},"author":1,"featured_media":10129,"parent":0,"menu_order":0,"comment_status":"closed","ping_status":"closed","template":"","meta":[],"_links":{"self":[{"href":"https:\/\/www.sia-am.com\/en\/wp-json\/wp\/v2\/pages\/9777"}],"collection":[{"href":"https:\/\/www.sia-am.com\/en\/wp-json\/wp\/v2\/pages"}],"about":[{"href":"https:\/\/www.sia-am.com\/en\/wp-json\/wp\/v2\/types\/page"}],"author":[{"embeddable":true,"href":"https:\/\/www.sia-am.com\/en\/wp-json\/wp\/v2\/users\/1"}],"replies":[{"embeddable":true,"href":"https:\/\/www.sia-am.com\/en\/wp-json\/wp\/v2\/comments?post=9777"}],"version-history":[{"count":14,"href":"https:\/\/www.sia-am.com\/en\/wp-json\/wp\/v2\/pages\/9777\/revisions"}],"predecessor-version":[{"id":10906,"href":"https:\/\/www.sia-am.com\/en\/wp-json\/wp\/v2\/pages\/9777\/revisions\/10906"}],"wp:featuredmedia":[{"embeddable":true,"href":"https:\/\/www.sia-am.com\/en\/wp-json\/wp\/v2\/media\/10129"}],"wp:attachment":[{"href":"https:\/\/www.sia-am.com\/en\/wp-json\/wp\/v2\/media?parent=9777"}],"curies":[{"name":"wp","href":"https:\/\/api.w.org\/{rel}","templated":true}]}}