{"id":9814,"date":"2022-08-17T12:05:10","date_gmt":"2022-08-17T12:05:10","guid":{"rendered":"https:\/\/www.sia-am.com\/?page_id=9814"},"modified":"2023-01-24T22:51:19","modified_gmt":"2023-01-24T22:51:19","slug":"marches-local-export","status":"publish","type":"page","link":"https:\/\/www.sia-am.com\/en\/marches-local-export\/","title":{"rendered":"Local &amp; export markets"},"content":{"rendered":"<div class=\"vc_row wpb_row vc_row-fluid vc_row-bg-position-top\"><div class=\"wpb_column vc_column_container vc_col-sm-12\"><div class=\"vc_column-inner\"><div class=\"wpb_wrapper\"><div class=\"vc_empty_space\"   style=\"height: 50px\"><span class=\"vc_empty_space_inner\"><\/span><\/div><header class=\"kd-section-title col-lg-12 text-left  subtitle-below-title\" ><h2 class=\"separator_off\" >Local market<\/h2><\/header>\n\t<div class=\"wpb_text_column wpb_content_element  vc_custom_1667678028138\" >\n\t\t<div class=\"wpb_wrapper\">\n\t\t\t<ul>\n<li>\n<h6>On the local Tunisian market, SIA is the undisputed leader in shock absorbers and enjoys a great reputation based on the quality of its products and the wide range offered.<\/h6>\n<\/li>\n<li>\n<h6>Thanks to its extensive sales network throughout the country, SIA is able to deliver to customers the same day they make their order.<\/h6>\n<\/li>\n<li>\n<h6>The position of historical leader in Tunisia has been acquired by privileging the close relationship with the customers and by responding to the complaints with a great reactivity.<\/h6>\n<\/li>\n<\/ul>\n\n\t\t<\/div>\n\t<\/div>\n<header class=\"kd-section-title col-lg-12 text-left  subtitle-below-title\" ><h2 class=\"separator_off\" >Export markets<\/h2><\/header>\n\t<div class=\"wpb_text_column wpb_content_element  vc_custom_1667678045591\" >\n\t\t<div class=\"wpb_wrapper\">\n\t\t\t<h6>SIA exports more than 80% of its production\nSoci\u00e9t\u00e9 Industrielle d'Amortisseurs (SIA), original equipment and original parts supplier to European car manufacturers and leader in the manufacture and marketing of shock absorbers for light and heavy vehicles in the southern Mediterranean.<\/h6>\n\n\t\t<\/div>\n\t<\/div>\n<\/div><\/div><\/div><\/div><div data-vc-full-width=\"true\" data-vc-full-width-init=\"false\" data-vc-stretch-content=\"true\" class=\"vc_row wpb_row vc_row-fluid vc_row-no-padding vc_row-bg-position-top\"><div class=\"wpb_column vc_column_container vc_col-sm-12\"><div class=\"vc_column-inner\"><div class=\"wpb_wrapper\"><div class=\"wpb_gmaps_widget wpb_content_element\"><div class=\"wpb_wrapper\"><div class=\"wpb_map_wraper\"><iframe src=\"https:\/\/www.google.com\/maps\/embed?pb=!1m18!1m12!1m3!1d6394.750801412101!2d10.231668237601541!3d36.73755934789889!2m3!1f0!2f0!3f0!3m2!1i1024!2i768!4f13.1!3m3!1m2!1s0x12fd365026796119%3A0x86d5cc793721869d!2sSoci%C3%A9t%C3%A9%20Industrielle%20d&#39;Amortisseurs!5e0!3m2!1sfr!2stn!4v1660872030280!5m2!1sfr!2stn\" width=\"600\" height=\"550\" frameborder=\"0\" style=\"border:0\" allowfullscreen><\/iframe><\/div><\/div><\/div><\/div><\/div><\/div><\/div><div class=\"vc_row-full-width vc_clearfix\"><\/div><div class=\"vc_row wpb_row vc_row-fluid vc_row-bg-position-top\"><div class=\"wpb_column vc_column_container vc_col-sm-12 vc_col-has-fill\"><div class=\"vc_column-inner vc_custom_1662058432453\"><div class=\"wpb_wrapper\"><header class=\"kd-section-title col-lg-12 text-center  subtitle-below-title    vc_custom_1669059865017\" ><h2 class=\"separator_off\" >Our partners<\/h2><\/header><div class=\"slider clients no-effect kd-client-69e253766f905\"><div class=\"clients-content\" ><img width=\"572\" height=\"206\" src=\"https:\/\/www.sia-am.com\/wp-content\/uploads\/2023\/01\/Stellantis_logo.png\" class=\"attachment-full\" alt=\"\" decoding=\"async\" loading=\"lazy\" title=\"Stellantis_logo\" srcset=\"https:\/\/www.sia-am.com\/wp-content\/uploads\/2023\/01\/Stellantis_logo.png 572w, https:\/\/www.sia-am.com\/wp-content\/uploads\/2023\/01\/Stellantis_logo-300x108.png 300w, https:\/\/www.sia-am.com\/wp-content\/uploads\/2023\/01\/Stellantis_logo-18x6.png 18w\" sizes=\"(max-width: 572px) 100vw, 572px\" \/><\/div><div class=\"clients-content\" ><img width=\"572\" height=\"206\" src=\"https:\/\/www.sia-am.com\/wp-content\/uploads\/2023\/01\/Record_logo.png\" class=\"attachment-full\" alt=\"\" decoding=\"async\" loading=\"lazy\" title=\"Record_logo\" srcset=\"https:\/\/www.sia-am.com\/wp-content\/uploads\/2023\/01\/Record_logo.png 572w, https:\/\/www.sia-am.com\/wp-content\/uploads\/2023\/01\/Record_logo-300x108.png 300w, https:\/\/www.sia-am.com\/wp-content\/uploads\/2023\/01\/Record_logo-18x6.png 18w\" sizes=\"(max-width: 572px) 100vw, 572px\" \/><\/div><div class=\"clients-content\" ><img width=\"572\" height=\"206\" src=\"https:\/\/www.sia-am.com\/wp-content\/uploads\/2023\/01\/Renault_logo.png\" class=\"attachment-full\" alt=\"\" decoding=\"async\" loading=\"lazy\" title=\"Renault_logo\" srcset=\"https:\/\/www.sia-am.com\/wp-content\/uploads\/2023\/01\/Renault_logo.png 572w, https:\/\/www.sia-am.com\/wp-content\/uploads\/2023\/01\/Renault_logo-300x108.png 300w, https:\/\/www.sia-am.com\/wp-content\/uploads\/2023\/01\/Renault_logo-18x6.png 18w\" sizes=\"(max-width: 572px) 100vw, 572px\" \/><\/div><div class=\"clients-content\" ><img width=\"572\" height=\"206\" src=\"https:\/\/www.sia-am.com\/wp-content\/uploads\/2023\/01\/Snvi_logo.png\" class=\"attachment-full\" alt=\"\" decoding=\"async\" loading=\"lazy\" title=\"Snvi_logo\" srcset=\"https:\/\/www.sia-am.com\/wp-content\/uploads\/2023\/01\/Snvi_logo.png 572w, https:\/\/www.sia-am.com\/wp-content\/uploads\/2023\/01\/Snvi_logo-300x108.png 300w, https:\/\/www.sia-am.com\/wp-content\/uploads\/2023\/01\/Snvi_logo-18x6.png 18w\" sizes=\"(max-width: 572px) 100vw, 572px\" \/><\/div><div class=\"clients-content\" ><img width=\"572\" height=\"206\" src=\"https:\/\/www.sia-am.com\/wp-content\/uploads\/2023\/01\/iveco_logo.png\" class=\"attachment-full\" alt=\"\" decoding=\"async\" loading=\"lazy\" title=\"iveco_logo\" srcset=\"https:\/\/www.sia-am.com\/wp-content\/uploads\/2023\/01\/iveco_logo.png 572w, https:\/\/www.sia-am.com\/wp-content\/uploads\/2023\/01\/iveco_logo-300x108.png 300w, https:\/\/www.sia-am.com\/wp-content\/uploads\/2023\/01\/iveco_logo-18x6.png 18w\" sizes=\"(max-width: 572px) 100vw, 572px\" \/><\/div><div class=\"clients-content\" ><img width=\"572\" height=\"206\" src=\"https:\/\/www.sia-am.com\/wp-content\/uploads\/2023\/01\/Exadis_logo.png\" class=\"attachment-full\" alt=\"\" decoding=\"async\" loading=\"lazy\" title=\"Exadis_logo\" srcset=\"https:\/\/www.sia-am.com\/wp-content\/uploads\/2023\/01\/Exadis_logo.png 572w, https:\/\/www.sia-am.com\/wp-content\/uploads\/2023\/01\/Exadis_logo-300x108.png 300w, https:\/\/www.sia-am.com\/wp-content\/uploads\/2023\/01\/Exadis_logo-18x6.png 18w\" sizes=\"(max-width: 572px) 100vw, 572px\" \/><\/div><\/div><script>\r\n              jQuery(document).ready(function($){\r\n                if ($(\".slider.clients.kd-client-69e253766f905\").length) {\r\n                  $(\".slider.clients.kd-client-69e253766f905\").owlCarousel({\r\n                    stageClass: \"owl-wrapper\",\r\n                    stageOuterClass: \"owl-wrapper-outer\",\r\n                    loadedClass: \"owl-carousel\",\r\n                    responsiveClass:true,\r\n                    responsive:{\r\n                      0:{\r\n                          items:2,dots: false,},\r\n                      415:{\r\n                          items:3,dots: false,},\r\n                      960:{\r\n                          items:5,dots: false,}\r\n                    },loop: true,autoplay: true,autoplayTimeout: 2000,autoplayHoverPause: true,\r\n                  });\r\n                }\r\n              });\r\n            <\/script><\/div><\/div><\/div><\/div><div class=\"vc_row wpb_row vc_row-fluid vc_row-bg-position-top\"><div class=\"wpb_column vc_column_container vc_col-sm-12\"><div class=\"vc_column-inner\"><div class=\"wpb_wrapper\"><\/div><\/div><\/div><\/div>","protected":false},"excerpt":{"rendered":"March\u00e9s local Sur le march\u00e9 local tunisien, SIA est le leader incontest\u00e9 des amortisseur et jouit d\u2019une grande notori\u00e9t\u00e9 bas\u00e9s [...]","protected":false},"author":1,"featured_media":10129,"parent":0,"menu_order":0,"comment_status":"closed","ping_status":"closed","template":"","meta":[],"_links":{"self":[{"href":"https:\/\/www.sia-am.com\/en\/wp-json\/wp\/v2\/pages\/9814"}],"collection":[{"href":"https:\/\/www.sia-am.com\/en\/wp-json\/wp\/v2\/pages"}],"about":[{"href":"https:\/\/www.sia-am.com\/en\/wp-json\/wp\/v2\/types\/page"}],"author":[{"embeddable":true,"href":"https:\/\/www.sia-am.com\/en\/wp-json\/wp\/v2\/users\/1"}],"replies":[{"embeddable":true,"href":"https:\/\/www.sia-am.com\/en\/wp-json\/wp\/v2\/comments?post=9814"}],"version-history":[{"count":38,"href":"https:\/\/www.sia-am.com\/en\/wp-json\/wp\/v2\/pages\/9814\/revisions"}],"predecessor-version":[{"id":10861,"href":"https:\/\/www.sia-am.com\/en\/wp-json\/wp\/v2\/pages\/9814\/revisions\/10861"}],"wp:featuredmedia":[{"embeddable":true,"href":"https:\/\/www.sia-am.com\/en\/wp-json\/wp\/v2\/media\/10129"}],"wp:attachment":[{"href":"https:\/\/www.sia-am.com\/en\/wp-json\/wp\/v2\/media?parent=9814"}],"curies":[{"name":"wp","href":"https:\/\/api.w.org\/{rel}","templated":true}]}}